{"id":586,"date":"2021-04-16T17:44:41","date_gmt":"2021-04-16T15:44:41","guid":{"rendered":"https:\/\/www.salnogard.se\/?page_id=586"},"modified":"2025-03-26T11:59:40","modified_gmt":"2025-03-26T09:59:40","slug":"bokning","status":"publish","type":"page","link":"https:\/\/www.salnogard.se\/index.php\/bokning\/","title":{"rendered":"Bokning"},"content":{"rendered":"<p>[et_pb_section fb_built=&#8221;1&#8243; fullwidth=&#8221;on&#8221; _builder_version=&#8221;4.16&#8243; bottom_divider_style=&#8221;ramp2&#8243; bottom_divider_color=&#8221;#ffffff&#8221; bottom_divider_flip=&#8221;horizontal&#8221; animation_direction=&#8221;top&#8221; global_colors_info=&#8221;{}&#8221;][et_pb_fullwidth_header title=&#8221;Bokningsf\u00f6rfr\u00e5gan &#8221; text_orientation=&#8221;center&#8221; background_overlay_color=&#8221;rgba(84,84,84,0.18)&#8221; _builder_version=&#8221;4.16&#8243; title_font=&#8221;Lato|700|||||||&#8221; title_font_size=&#8221;46px&#8221; title_line_height=&#8221;1.5em&#8221; content_font=&#8221;Lato||||||||&#8221; content_font_size=&#8221;20px&#8221; content_line_height=&#8221;1.8em&#8221; subhead_font=&#8221;Lato|700|||||||&#8221; subhead_font_size=&#8221;25px&#8221; subhead_line_height=&#8221;1.5em&#8221; background_image=&#8221;https:\/\/www.salnogard.se\/wp-content\/uploads\/2021\/04\/Saln\u00f6-rum-tv\u00e5-b\u00e4ddar-scaled.jpg&#8221; custom_margin=&#8221;|||&#8221; custom_padding=&#8221;5vw||150px||false&#8221; animation_style=&#8221;slide&#8221; animation_direction=&#8221;top&#8221; animation_intensity_slide=&#8221;2%&#8221; title_font_size_tablet=&#8221;36px&#8221; title_font_size_phone=&#8221;&#8221; title_font_size_last_edited=&#8221;on|phone&#8221; text_shadow_style=&#8221;preset2&#8243; global_colors_info=&#8221;{}&#8221; button_one_text_size__hover_enabled=&#8221;off&#8221; button_two_text_size__hover_enabled=&#8221;off&#8221; button_one_text_color__hover_enabled=&#8221;off&#8221; button_two_text_color__hover_enabled=&#8221;off&#8221; button_one_border_width__hover_enabled=&#8221;off&#8221; button_two_border_width__hover_enabled=&#8221;off&#8221; button_one_border_color__hover_enabled=&#8221;off&#8221; button_two_border_color__hover_enabled=&#8221;off&#8221; button_one_border_radius__hover_enabled=&#8221;off&#8221; button_two_border_radius__hover_enabled=&#8221;off&#8221; button_one_letter_spacing__hover_enabled=&#8221;off&#8221; button_two_letter_spacing__hover_enabled=&#8221;off&#8221; button_one_bg_color__hover_enabled=&#8221;off&#8221; button_two_bg_color__hover_enabled=&#8221;off&#8221;]<\/p>\n<h2>H\u00e4r \u00e4r du v\u00e4lkommen att g\u00f6ra en bokningsf\u00f6rfr\u00e5gan!<\/h2>\n<p>[\/et_pb_fullwidth_header][\/et_pb_section][et_pb_section fb_built=&#8221;1&#8243; next_background_color=&#8221;#FFFFFF&#8221; admin_label=&#8221;About Me&#8221; _builder_version=&#8221;4.16&#8243; background_enable_color=&#8221;off&#8221; custom_padding=&#8221;||128px||false|false&#8221; bottom_divider_style=&#8221;slant&#8221; bottom_divider_flip=&#8221;horizontal&#8221; global_colors_info=&#8221;{}&#8221;][et_pb_row _builder_version=&#8221;4.16&#8243; _module_preset=&#8221;default&#8221; global_colors_info=&#8221;{}&#8221;][et_pb_column type=&#8221;4_4&#8243; _builder_version=&#8221;4.16&#8243; _module_preset=&#8221;default&#8221; global_colors_info=&#8221;{}&#8221;][et_pb_text admin_label=&#8221;Text &#8211; Boka h\u00e4r&#8221; _builder_version=&#8221;4.27.4&#8243; _module_preset=&#8221;default&#8221; header_font=&#8221;Lato|700|||||||&#8221; header_2_font=&#8221;Lato|700|||||||&#8221; hover_enabled=&#8221;0&#8243; global_colors_info=&#8221;{}&#8221; sticky_enabled=&#8221;0&#8243;]<\/p>\n<h2>Boka h\u00e4r<\/h2>\n<p>Verksamheten \u00e4r f\u00f6r n\u00e4rvarande vilande och det g\u00e5r inte att g\u00f6ra bokningar.\u00a0<\/p>\n<p>[\/et_pb_text][\/et_pb_column][\/et_pb_row][\/et_pb_section][et_pb_section fb_built=&#8221;1&#8243; next_background_color=&#8221;#345168&#8243; admin_label=&#8221;Publications&#8221; _builder_version=&#8221;4.16&#8243; background_color=&#8221;#FFFFFF&#8221; use_background_color_gradient=&#8221;on&#8221; background_color_gradient_direction=&#8221;360deg&#8221; background_color_gradient_stops=&#8221;rgba(2,2,2,0) 54%|rgba(2,2,2,0.25) 79%&#8221; background_color_gradient_overlays_image=&#8221;on&#8221; background_color_gradient_start=&#8221;rgba(2,2,2,0)&#8221; background_color_gradient_start_position=&#8221;54%&#8221; background_color_gradient_end=&#8221;rgba(2,2,2,0.25)&#8221; background_color_gradient_end_position=&#8221;79%&#8221; background_image=&#8221;https:\/\/www.salnogard.se\/wp-content\/uploads\/2021\/04\/Saln\u00f6-G\u00e5rd-v\u00e5ra-rum.jpg&#8221; custom_margin=&#8221;|||&#8221; custom_padding=&#8221;150px||150px||true|false&#8221; top_divider_style=&#8221;slant&#8221; top_divider_color=&#8221;#f5f5f5&#8243; top_divider_flip=&#8221;vertical&#8221; top_divider_arrangement=&#8221;above_content&#8221; bottom_divider_style=&#8221;slant&#8221; bottom_divider_flip=&#8221;vertical&#8221; bottom_divider_arrangement=&#8221;above_content&#8221; link_option_url=&#8221;https:\/\/www.salnogard.se\/index.php\/boende\/&#8221; link_option_url_new_window=&#8221;on&#8221; locked=&#8221;off&#8221; global_colors_info=&#8221;{}&#8221;][et_pb_row column_structure=&#8221;1_3,2_3&#8243; _builder_version=&#8221;4.16&#8243; animation_direction=&#8221;bottom&#8221; use_custom_width=&#8221;on&#8221; global_colors_info=&#8221;{}&#8221;][et_pb_column type=&#8221;1_3&#8243; _builder_version=&#8221;4.16&#8243; custom_padding=&#8221;|||&#8221; global_colors_info=&#8221;{}&#8221; custom_padding__hover=&#8221;|||&#8221;][\/et_pb_column][et_pb_column type=&#8221;2_3&#8243; _builder_version=&#8221;4.16&#8243; custom_padding=&#8221;|||&#8221; global_colors_info=&#8221;{}&#8221; custom_padding__hover=&#8221;|||&#8221;][et_pb_text admin_label=&#8221;Text &#8211; Smaklig spis!&#8221; _builder_version=&#8221;4.16&#8243; text_font=&#8221;Lato||||||||&#8221; text_text_color=&#8221;#FFFFFF&#8221; text_font_size=&#8221;18px&#8221; text_line_height=&#8221;1.8em&#8221; header_2_font=&#8221;Lato|700|||||||&#8221; header_2_text_color=&#8221;#FFFFFF&#8221; header_2_font_size=&#8221;30px&#8221; header_2_letter_spacing=&#8221;1px&#8221; header_2_line_height=&#8221;1.5em&#8221; animation_style=&#8221;slide&#8221; animation_direction=&#8221;bottom&#8221; animation_intensity_slide=&#8221;5%&#8221; header_2_font_size_tablet=&#8221;&#8221; header_2_font_size_phone=&#8221;22px&#8221; header_2_font_size_last_edited=&#8221;on|phone&#8221; text_text_shadow_style=&#8221;preset3&#8243; text_text_shadow_horizontal_length=&#8221;0.02em&#8221; text_text_shadow_vertical_length=&#8221;0.04em&#8221; text_text_shadow_blur_strength=&#8221;0.2em&#8221; header_2_text_shadow_style=&#8221;preset1&#8243; header_2_text_shadow_horizontal_length=&#8221;0.04em&#8221; header_2_text_shadow_vertical_length=&#8221;0.02em&#8221; header_2_text_shadow_blur_strength=&#8221;0.2em&#8221; global_colors_info=&#8221;{}&#8221;]<\/p>\n<h2>L\u00e4s mer om v\u00e5ra boenden<\/h2>\n<p>Hos oss \u00f6vernattar du i lantlig milj\u00f6 med frisk luft och tystnad &#8211; som gjort f\u00f6r en god natts s\u00f6mn!<\/p>\n<p>[\/et_pb_text][et_pb_text _builder_version=&#8221;4.16&#8243; text_font=&#8221;Lato|700|||||||&#8221; text_font_size=&#8221;18px&#8221; text_line_height=&#8221;1.8em&#8221; link_font=&#8221;|700|||||||&#8221; link_text_color=&#8221;#ffffff&#8221; ul_font=&#8221;||||||||&#8221; ul_line_height=&#8221;1.8em&#8221; ol_font=&#8221;||||||||&#8221; quote_font=&#8221;||||||||&#8221; header_font=&#8221;||||||||&#8221; header_2_font=&#8221;Lato|700|||||||&#8221; header_2_font_size=&#8221;30px&#8221; header_2_letter_spacing=&#8221;1px&#8221; header_2_line_height=&#8221;1.5em&#8221; custom_margin=&#8221;||0px|&#8221; animation_style=&#8221;slide&#8221; animation_direction=&#8221;bottom&#8221; animation_intensity_slide=&#8221;5%&#8221; header_2_font_size_tablet=&#8221;&#8221; header_2_font_size_phone=&#8221;22px&#8221; header_2_font_size_last_edited=&#8221;on|phone&#8221; locked=&#8221;off&#8221; global_colors_info=&#8221;{}&#8221;][\/et_pb_text][\/et_pb_column][\/et_pb_row][\/et_pb_section][et_pb_section fb_built=&#8221;1&#8243; admin_label=&#8221;Footer&#8221; _builder_version=&#8221;4.16&#8243; background_color=&#8221;#345168&#8243; use_background_color_gradient=&#8221;on&#8221; background_color_gradient_stops=&#8221;#345168 5%|rgba(219,219,219,0) 100%&#8221; background_color_gradient_overlays_image=&#8221;on&#8221; background_color_gradient_start=&#8221;#345168&#8243; background_color_gradient_start_position=&#8221;5%&#8221; background_color_gradient_end=&#8221;rgba(219,219,219,0)&#8221; background_image=&#8221;https:\/\/www.salnogard.se\/wp-content\/uploads\/2021\/04\/Saln\u00f6-brygga.jpg&#8221; custom_padding=&#8221;0.2%||5.4%||false|false&#8221; bottom_divider_flip=&#8221;horizontal&#8221; global_colors_info=&#8221;{}&#8221;][et_pb_row _builder_version=&#8221;4.16&#8243; custom_padding=&#8221;||78px|||&#8221; locked=&#8221;off&#8221; global_colors_info=&#8221;{}&#8221;][et_pb_column type=&#8221;4_4&#8243; _builder_version=&#8221;4.16&#8243; custom_padding=&#8221;|||&#8221; global_colors_info=&#8221;{}&#8221; custom_padding__hover=&#8221;|||&#8221;][et_pb_text admin_label=&#8221;Title &#8211; Varmt v\u00e4lkommen till Saln\u00f6 G\u00e5rd!&#8221; _builder_version=&#8221;4.16&#8243; text_font=&#8221;Lato||||||||&#8221; text_font_size=&#8221;18px&#8221; text_line_height=&#8221;1.8em&#8221; header_2_font=&#8221;Lato|700|||||||&#8221; header_2_font_size=&#8221;40px&#8221; header_2_letter_spacing=&#8221;1px&#8221; header_2_line_height=&#8221;1.5em&#8221; header_6_font=&#8221;Lato|700|||||||&#8221; header_6_font_size=&#8221;18px&#8221; header_6_letter_spacing=&#8221;1px&#8221; header_6_line_height=&#8221;1.8em&#8221; text_orientation=&#8221;center&#8221; background_layout=&#8221;dark&#8221; max_width=&#8221;700px&#8221; module_alignment=&#8221;center&#8221; header_2_font_size_tablet=&#8221;&#8221; header_2_font_size_phone=&#8221;22px&#8221; header_2_font_size_last_edited=&#8221;on|phone&#8221; global_colors_info=&#8221;{}&#8221;]<\/p>\n<h2>Varmt v\u00e4lkommen till Saln\u00f6 G\u00e5rd!<\/h2>\n<p>[\/et_pb_text][\/et_pb_column][\/et_pb_row][\/et_pb_section]<\/p>\n","protected":false},"excerpt":{"rendered":"<p>H\u00e4r \u00e4r du v\u00e4lkommen att g\u00f6ra en bokningsf\u00f6rfr\u00e5gan!Boka h\u00e4r Verksamheten \u00e4r f\u00f6r n\u00e4rvarande vilande och det g\u00e5r inte att g\u00f6ra bokningar.\u00a0L\u00e4s mer om v\u00e5ra boenden Hos oss \u00f6vernattar du i lantlig milj\u00f6 med frisk luft och tystnad &#8211; som gjort f\u00f6r en god natts s\u00f6mn!Varmt v\u00e4lkommen till Saln\u00f6 G\u00e5rd!<\/p>\n","protected":false},"author":2,"featured_media":0,"parent":0,"menu_order":0,"comment_status":"closed","ping_status":"closed","template":"","meta":{"_et_pb_use_builder":"on","_et_pb_old_content":"","_et_gb_content_width":"","footnotes":""},"class_list":["post-586","page","type-page","status-publish","hentry"],"yoast_head":"<!-- This site is optimized with the Yoast SEO plugin v27.5 - https:\/\/yoast.com\/product\/yoast-seo-wordpress\/ -->\n<title>Bokning - Saln\u00f6 G\u00e5rd<\/title>\n<meta name=\"robots\" content=\"index, follow, max-snippet:-1, max-image-preview:large, max-video-preview:-1\" \/>\n<link rel=\"canonical\" href=\"https:\/\/www.salnogard.se\/index.php\/bokning\/\" \/>\n<meta property=\"og:locale\" content=\"sv_SE\" \/>\n<meta property=\"og:type\" content=\"article\" \/>\n<meta property=\"og:title\" content=\"Bokning - Saln\u00f6 G\u00e5rd\" \/>\n<meta property=\"og:description\" content=\"H\u00e4r \u00e4r du v\u00e4lkommen att g\u00f6ra en bokningsf\u00f6rfr\u00e5gan!Boka h\u00e4r Verksamheten \u00e4r f\u00f6r n\u00e4rvarande vilande och det g\u00e5r inte att g\u00f6ra bokningar.\u00a0L\u00e4s mer om v\u00e5ra boenden Hos oss \u00f6vernattar du i lantlig milj\u00f6 med frisk luft och tystnad - som gjort f\u00f6r en god natts s\u00f6mn!Varmt v\u00e4lkommen till Saln\u00f6 G\u00e5rd!\" \/>\n<meta property=\"og:url\" content=\"https:\/\/www.salnogard.se\/index.php\/bokning\/\" \/>\n<meta property=\"og:site_name\" content=\"Saln\u00f6 G\u00e5rd\" \/>\n<meta property=\"article:modified_time\" content=\"2025-03-26T09:59:40+00:00\" \/>\n<meta name=\"twitter:card\" content=\"summary_large_image\" \/>\n<meta name=\"twitter:label1\" content=\"Ber\u00e4knad l\u00e4stid\" \/>\n\t<meta name=\"twitter:data1\" content=\"1 minut\" \/>\n<script type=\"application\/ld+json\" class=\"yoast-schema-graph\">{\"@context\":\"https:\\\/\\\/schema.org\",\"@graph\":[{\"@type\":\"WebPage\",\"@id\":\"https:\\\/\\\/www.salnogard.se\\\/index.php\\\/bokning\\\/\",\"url\":\"https:\\\/\\\/www.salnogard.se\\\/index.php\\\/bokning\\\/\",\"name\":\"Bokning - Saln\u00f6 G\u00e5rd\",\"isPartOf\":{\"@id\":\"https:\\\/\\\/www.salnogard.se\\\/#website\"},\"datePublished\":\"2021-04-16T15:44:41+00:00\",\"dateModified\":\"2025-03-26T09:59:40+00:00\",\"breadcrumb\":{\"@id\":\"https:\\\/\\\/www.salnogard.se\\\/index.php\\\/bokning\\\/#breadcrumb\"},\"inLanguage\":\"sv-SE\",\"potentialAction\":[{\"@type\":\"ReadAction\",\"target\":[\"https:\\\/\\\/www.salnogard.se\\\/index.php\\\/bokning\\\/\"]}]},{\"@type\":\"BreadcrumbList\",\"@id\":\"https:\\\/\\\/www.salnogard.se\\\/index.php\\\/bokning\\\/#breadcrumb\",\"itemListElement\":[{\"@type\":\"ListItem\",\"position\":1,\"name\":\"Hem\",\"item\":\"https:\\\/\\\/www.salnogard.se\\\/\"},{\"@type\":\"ListItem\",\"position\":2,\"name\":\"Bokning\"}]},{\"@type\":\"WebSite\",\"@id\":\"https:\\\/\\\/www.salnogard.se\\\/#website\",\"url\":\"https:\\\/\\\/www.salnogard.se\\\/\",\"name\":\"Saln\u00f6 G\u00e5rd\",\"description\":\"Ett sk\u00e4rdg\u00e5rdshemman i Roslagen\",\"potentialAction\":[{\"@type\":\"SearchAction\",\"target\":{\"@type\":\"EntryPoint\",\"urlTemplate\":\"https:\\\/\\\/www.salnogard.se\\\/?s={search_term_string}\"},\"query-input\":{\"@type\":\"PropertyValueSpecification\",\"valueRequired\":true,\"valueName\":\"search_term_string\"}}],\"inLanguage\":\"sv-SE\"}]}<\/script>\n<!-- \/ Yoast SEO plugin. -->","yoast_head_json":{"title":"Bokning - Saln\u00f6 G\u00e5rd","robots":{"index":"index","follow":"follow","max-snippet":"max-snippet:-1","max-image-preview":"max-image-preview:large","max-video-preview":"max-video-preview:-1"},"canonical":"https:\/\/www.salnogard.se\/index.php\/bokning\/","og_locale":"sv_SE","og_type":"article","og_title":"Bokning - Saln\u00f6 G\u00e5rd","og_description":"H\u00e4r \u00e4r du v\u00e4lkommen att g\u00f6ra en bokningsf\u00f6rfr\u00e5gan!Boka h\u00e4r Verksamheten \u00e4r f\u00f6r n\u00e4rvarande vilande och det g\u00e5r inte att g\u00f6ra bokningar.\u00a0L\u00e4s mer om v\u00e5ra boenden Hos oss \u00f6vernattar du i lantlig milj\u00f6 med frisk luft och tystnad - som gjort f\u00f6r en god natts s\u00f6mn!Varmt v\u00e4lkommen till Saln\u00f6 G\u00e5rd!","og_url":"https:\/\/www.salnogard.se\/index.php\/bokning\/","og_site_name":"Saln\u00f6 G\u00e5rd","article_modified_time":"2025-03-26T09:59:40+00:00","twitter_card":"summary_large_image","twitter_misc":{"Ber\u00e4knad l\u00e4stid":"1 minut"},"schema":{"@context":"https:\/\/schema.org","@graph":[{"@type":"WebPage","@id":"https:\/\/www.salnogard.se\/index.php\/bokning\/","url":"https:\/\/www.salnogard.se\/index.php\/bokning\/","name":"Bokning - Saln\u00f6 G\u00e5rd","isPartOf":{"@id":"https:\/\/www.salnogard.se\/#website"},"datePublished":"2021-04-16T15:44:41+00:00","dateModified":"2025-03-26T09:59:40+00:00","breadcrumb":{"@id":"https:\/\/www.salnogard.se\/index.php\/bokning\/#breadcrumb"},"inLanguage":"sv-SE","potentialAction":[{"@type":"ReadAction","target":["https:\/\/www.salnogard.se\/index.php\/bokning\/"]}]},{"@type":"BreadcrumbList","@id":"https:\/\/www.salnogard.se\/index.php\/bokning\/#breadcrumb","itemListElement":[{"@type":"ListItem","position":1,"name":"Hem","item":"https:\/\/www.salnogard.se\/"},{"@type":"ListItem","position":2,"name":"Bokning"}]},{"@type":"WebSite","@id":"https:\/\/www.salnogard.se\/#website","url":"https:\/\/www.salnogard.se\/","name":"Saln\u00f6 G\u00e5rd","description":"Ett sk\u00e4rdg\u00e5rdshemman i Roslagen","potentialAction":[{"@type":"SearchAction","target":{"@type":"EntryPoint","urlTemplate":"https:\/\/www.salnogard.se\/?s={search_term_string}"},"query-input":{"@type":"PropertyValueSpecification","valueRequired":true,"valueName":"search_term_string"}}],"inLanguage":"sv-SE"}]}},"_links":{"self":[{"href":"https:\/\/www.salnogard.se\/index.php\/wp-json\/wp\/v2\/pages\/586","targetHints":{"allow":["GET"]}}],"collection":[{"href":"https:\/\/www.salnogard.se\/index.php\/wp-json\/wp\/v2\/pages"}],"about":[{"href":"https:\/\/www.salnogard.se\/index.php\/wp-json\/wp\/v2\/types\/page"}],"author":[{"embeddable":true,"href":"https:\/\/www.salnogard.se\/index.php\/wp-json\/wp\/v2\/users\/2"}],"replies":[{"embeddable":true,"href":"https:\/\/www.salnogard.se\/index.php\/wp-json\/wp\/v2\/comments?post=586"}],"version-history":[{"count":40,"href":"https:\/\/www.salnogard.se\/index.php\/wp-json\/wp\/v2\/pages\/586\/revisions"}],"predecessor-version":[{"id":1228,"href":"https:\/\/www.salnogard.se\/index.php\/wp-json\/wp\/v2\/pages\/586\/revisions\/1228"}],"wp:attachment":[{"href":"https:\/\/www.salnogard.se\/index.php\/wp-json\/wp\/v2\/media?parent=586"}],"curies":[{"name":"wp","href":"https:\/\/api.w.org\/{rel}","templated":true}]}}