{"id":703,"date":"2021-04-28T16:52:13","date_gmt":"2021-04-28T14:52:13","guid":{"rendered":"https:\/\/www.salnogard.se\/?page_id=703"},"modified":"2021-05-17T08:24:53","modified_gmt":"2021-05-17T06:24:53","slug":"om-oss","status":"publish","type":"page","link":"https:\/\/www.salnogard.se\/index.php\/om-oss\/","title":{"rendered":"Om oss"},"content":{"rendered":"<p>[et_pb_section fb_built=&#8221;1&#8243; fullwidth=&#8221;on&#8221; _builder_version=&#8221;4.9.4&#8243; background_enable_color=&#8221;off&#8221; background_image=&#8221;https:\/\/www.salnogard.se\/wp-content\/uploads\/2021\/04\/entrance.jpg&#8221; background_position=&#8221;top_center&#8221; bottom_divider_style=&#8221;ramp2&#8243; bottom_divider_color=&#8221;#ffffff&#8221; bottom_divider_flip=&#8221;horizontal&#8221; animation_direction=&#8221;top&#8221;][et_pb_fullwidth_header title=&#8221;Ett sk\u00e4rg\u00e5rdshemman i Roslagen!&#8221; text_orientation=&#8221;center&#8221; background_overlay_color=&#8221;rgba(84,84,84,0.18)&#8221; _builder_version=&#8221;4.9.4&#8243; title_font=&#8221;Lato|700|||||||&#8221; title_font_size=&#8221;46px&#8221; title_line_height=&#8221;1.5em&#8221; content_font=&#8221;Lato||||||||&#8221; content_font_size=&#8221;20px&#8221; content_line_height=&#8221;1.8em&#8221; subhead_font=&#8221;Lato|700|||||||&#8221; subhead_font_size=&#8221;25px&#8221; subhead_line_height=&#8221;1.5em&#8221; background_enable_color=&#8221;off&#8221; background_enable_image=&#8221;off&#8221; background_position=&#8221;top_center&#8221; custom_margin=&#8221;|||&#8221; custom_padding=&#8221;5vw||150px||false&#8221; animation_style=&#8221;slide&#8221; animation_direction=&#8221;top&#8221; animation_intensity_slide=&#8221;2%&#8221; title_font_size_tablet=&#8221;36px&#8221; title_font_size_phone=&#8221;&#8221; title_font_size_last_edited=&#8221;on|phone&#8221; text_shadow_style=&#8221;preset2&#8243; button_one_text_size__hover_enabled=&#8221;off&#8221; button_two_text_size__hover_enabled=&#8221;off&#8221; button_one_text_color__hover_enabled=&#8221;off&#8221; button_two_text_color__hover_enabled=&#8221;off&#8221; button_one_border_width__hover_enabled=&#8221;off&#8221; button_two_border_width__hover_enabled=&#8221;off&#8221; button_one_border_color__hover_enabled=&#8221;off&#8221; button_two_border_color__hover_enabled=&#8221;off&#8221; button_one_border_radius__hover_enabled=&#8221;off&#8221; button_two_border_radius__hover_enabled=&#8221;off&#8221; button_one_letter_spacing__hover_enabled=&#8221;off&#8221; button_two_letter_spacing__hover_enabled=&#8221;off&#8221; button_one_bg_color__hover_enabled=&#8221;off&#8221; button_two_bg_color__hover_enabled=&#8221;off&#8221;]<\/p>\n<h2>Saln\u00f6 p\u00e5 s\u00f6dra V\u00e4dd\u00f6 \u00e4r vackert omgiven av sk\u00f6na \u00e4ngar, skog och \u00c5lands hav.<\/h2>\n<p>[\/et_pb_fullwidth_header][\/et_pb_section][et_pb_section fb_built=&#8221;1&#8243; next_background_color=&#8221;#345168&#8243; admin_label=&#8221;Om oss&#8221; _builder_version=&#8221;4.9.4&#8243; background_color=&#8221;#f5f5f5&#8243; custom_padding=&#8221;||177px||false|false&#8221; bottom_divider_style=&#8221;slant&#8221; bottom_divider_flip=&#8221;horizontal&#8221;][et_pb_row admin_label=&#8221;Om oss&#8221; _builder_version=&#8221;4.9.4&#8243; background_color=&#8221;#ffffff&#8221; max_width=&#8221;900px&#8221; custom_margin=&#8221;|||&#8221; custom_padding=&#8221;30px|30px|30px|30px|true|true&#8221; border_radii=&#8221;on|3px|3px|3px|3px&#8221; use_custom_width=&#8221;on&#8221; custom_width_px=&#8221;900px&#8221;][et_pb_column type=&#8221;4_4&#8243; _builder_version=&#8221;3.25&#8243; custom_padding=&#8221;|||&#8221; custom_padding__hover=&#8221;|||&#8221;][et_pb_text admin_label=&#8221;Ett sk\u00e4rg\u00e5rdshemman i Roslagen!&#8221; _builder_version=&#8221;4.9.4&#8243; text_font=&#8221;Lato||||||||&#8221; text_font_size=&#8221;18px&#8221; text_line_height=&#8221;1.8em&#8221; header_font=&#8221;||||||||&#8221; header_2_font=&#8221;|600|||||||&#8221; header_2_font_size=&#8221;30px&#8221; header_3_font=&#8221;|700|||||||&#8221; header_3_line_height=&#8221;1.5em&#8221;]<\/p>\n<h2>Ett sk\u00e4rg\u00e5rdshemman i Roslagen!<\/h2>\n<p>Saln\u00f6 G\u00e5rd ligger p\u00e5 Saln\u00f6 som \u00e4r en del av norra sk\u00e4rg\u00e5rden p\u00e5 V\u00e4dd\u00f6-Bj\u00f6rk\u00f6. Saln\u00f6 omges av \u00c5lands hav p\u00e5 utsidan och Bagghusfj\u00e4rden mot fastlandet. Vi befinner oss i Roslagen inte alltf\u00f6r l\u00e5ngt fr\u00e5n gamla Riksettan, den gamla postv\u00e4gen sedan medeltiden som gick fr\u00e5n Stockholm till Finland.<\/p>\n<p>G\u00e5rdens huvudbyggnad uppf\u00f6rdes i mitten p\u00e5 1800 talet men g\u00e5rden har \u00e4ldre anor. H\u00e4r levde man p\u00e5 fiske och av sm\u00e5 jordtegar. Sk\u00e4rg\u00e5rdsmark \u00e4r s\u00e4llan b\u00f6rdig och kunde inte f\u00f6da m\u00e5nga.<br \/>P\u00e5 1920 talet kom g\u00e5rden att tillh\u00f6ra Hedvig Eleonora och Oscars f\u00f6rsamling i Stockholm. Under 70 \u00e5r bedrevs koloniverksamhet f\u00f6r barn som fick m\u00f6jlighet till en sommarvistelse med sol och bad och st\u00e4rkande kost. Under 70-80 talet minskade behovet i f\u00f6rsamlingarna med avtagande koloniverksamhet.<br \/>1993 \u00f6vertog vi g\u00e5rden och har \u00e4gnat oss \u00e5t att rusta g\u00e5rdens hus till en modern bekv\u00e4mlighet i syfte att starta m\u00f6tesm\u00f6jligheter.<\/p>\n<p>Milj\u00f6n utg\u00f6r en motpol till storstaden med tystnaden, den rena luften och havets brus.<br \/>P\u00e5 Saln\u00f6 G\u00e5rd har djuren sin sj\u00e4lvklara plats. Hos oss finner du roslagsf\u00e5r och vikingah\u00f6ns. Tv\u00e5 isl\u00e4ndska f\u00e5rhundar finns ocks\u00e5. G\u00e5rden \u00e4r KRAV registrerad med ekologisk inriktning. Stora skogar och str\u00f6vomr\u00e5den h\u00f6r till. Vi tror det ger en god m\u00f6jlighet till att skapa ett v\u00e4lm\u00e5ende f\u00f6r v\u00e5ra bes\u00f6kare.<\/p>\n<p>[\/et_pb_text][\/et_pb_column][\/et_pb_row][et_pb_row column_structure=&#8221;1_5,3_5,1_5&#8243; _builder_version=&#8221;4.9.4&#8243; _module_preset=&#8221;default&#8221;][et_pb_column type=&#8221;1_5&#8243; _builder_version=&#8221;4.9.4&#8243; _module_preset=&#8221;default&#8221;][\/et_pb_column][et_pb_column type=&#8221;3_5&#8243; _builder_version=&#8221;4.9.4&#8243; _module_preset=&#8221;default&#8221;][et_pb_image src=&#8221;https:\/\/www.salnogard.se\/wp-content\/uploads\/2021\/05\/Thore-och-Eva-pa-Salno-Gard.jpg&#8221; title_text=&#8221;Thore och Eva p\u00e5 Saln\u00f6 G\u00e5rd&#8221; _builder_version=&#8221;4.9.4&#8243; _module_preset=&#8221;default&#8221;][\/et_pb_image][\/et_pb_column][et_pb_column type=&#8221;1_5&#8243; _builder_version=&#8221;4.9.4&#8243; _module_preset=&#8221;default&#8221;][\/et_pb_column][\/et_pb_row][et_pb_row admin_label=&#8221;Om oss&#8221; _builder_version=&#8221;4.9.4&#8243; background_color=&#8221;#ffffff&#8221; max_width=&#8221;900px&#8221; custom_margin=&#8221;|||&#8221; custom_padding=&#8221;30px|30px|30px|30px|true|true&#8221; border_radii=&#8221;on|3px|3px|3px|3px&#8221; use_custom_width=&#8221;on&#8221; custom_width_px=&#8221;900px&#8221;][et_pb_column type=&#8221;4_4&#8243; _builder_version=&#8221;3.25&#8243; custom_padding=&#8221;|||&#8221; custom_padding__hover=&#8221;|||&#8221;][et_pb_text admin_label=&#8221;Vilka \u00e4r vi?&#8221; _builder_version=&#8221;4.9.4&#8243; text_font=&#8221;Lato||||||||&#8221; text_font_size=&#8221;18px&#8221; text_line_height=&#8221;1.8em&#8221; header_font=&#8221;||||||||&#8221; header_2_font=&#8221;|600|||||||&#8221; header_2_font_size=&#8221;30px&#8221; header_3_font=&#8221;|700|||||||&#8221; header_3_line_height=&#8221;1.5em&#8221;]<\/p>\n<h3>Vilka \u00e4r vi<\/h3>\n<p>Jag Eva och min man Thore som l\u00e4mnat Stockholm efter ett l\u00e5ngt yrkesliv i en helt annan bransch har byggt upp en ny verksamhet p\u00e5 Saln\u00f6 G\u00e5rd d\u00e4r vi vill erbjuda v\u00e5ra g\u00e4ster ett rofyllt boende. Milj\u00f6n \u00e4r f\u00f6r oss sj\u00e4lvklar och har styrt v\u00e5ra val. Uppv\u00e4rmning sker till exempel med biobr\u00e4nsle fr\u00e5n egen skog.<\/p>\n<p>G\u00e5rden \u00e4r KRAV m\u00e4rkt och ekologiska produkter anv\u00e4nds i st\u00f6rsta m\u00f6jliga utstr\u00e4ckning.<\/p>\n<p>[\/et_pb_text][\/et_pb_column][\/et_pb_row][\/et_pb_section][et_pb_section fb_built=&#8221;1&#8243; admin_label=&#8221;Footer&#8221; _builder_version=&#8221;4.9.4&#8243; background_color=&#8221;#345168&#8243; use_background_color_gradient=&#8221;on&#8221; background_color_gradient_start=&#8221;#345168&#8243; background_color_gradient_end=&#8221;rgba(219,219,219,0)&#8221; background_color_gradient_start_position=&#8221;5%&#8221; background_color_gradient_overlays_image=&#8221;on&#8221; background_image=&#8221;https:\/\/www.salnogard.se\/wp-content\/uploads\/2021\/04\/Saln\u00f6-brygga.jpg&#8221; custom_padding=&#8221;0.2%||5.4%||false|false&#8221; bottom_divider_flip=&#8221;horizontal&#8221;][et_pb_row _builder_version=&#8221;3.25&#8243; custom_padding=&#8221;||78px|||&#8221; locked=&#8221;off&#8221;][et_pb_column type=&#8221;4_4&#8243; _builder_version=&#8221;3.25&#8243; custom_padding=&#8221;|||&#8221; custom_padding__hover=&#8221;|||&#8221;][et_pb_text admin_label=&#8221;Title &#8211; Varmt v\u00e4lkommen till Saln\u00f6 G\u00e5rd!&#8221; _builder_version=&#8221;3.27.4&#8243; text_font=&#8221;Lato||||||||&#8221; text_font_size=&#8221;18px&#8221; text_line_height=&#8221;1.8em&#8221; header_2_font=&#8221;Lato|700|||||||&#8221; header_2_font_size=&#8221;40px&#8221; header_2_letter_spacing=&#8221;1px&#8221; header_2_line_height=&#8221;1.5em&#8221; header_6_font=&#8221;Lato|700|||||||&#8221; header_6_font_size=&#8221;18px&#8221; header_6_letter_spacing=&#8221;1px&#8221; header_6_line_height=&#8221;1.8em&#8221; text_orientation=&#8221;center&#8221; background_layout=&#8221;dark&#8221; max_width=&#8221;700px&#8221; module_alignment=&#8221;center&#8221; header_2_font_size_tablet=&#8221;&#8221; header_2_font_size_phone=&#8221;22px&#8221; header_2_font_size_last_edited=&#8221;on|phone&#8221;]<\/p>\n<h2>Varmt v\u00e4lkommen till Saln\u00f6 G\u00e5rd!<\/h2>\n<p>[\/et_pb_text][\/et_pb_column][\/et_pb_row][\/et_pb_section]<\/p>\n","protected":false},"excerpt":{"rendered":"<p>Saln\u00f6 p\u00e5 s\u00f6dra V\u00e4dd\u00f6 \u00e4r vackert omgiven av sk\u00f6na \u00e4ngar, skog och \u00c5lands hav.Ett sk\u00e4rg\u00e5rdshemman i Roslagen! Saln\u00f6 G\u00e5rd ligger p\u00e5 Saln\u00f6 som \u00e4r en del av norra sk\u00e4rg\u00e5rden p\u00e5 V\u00e4dd\u00f6-Bj\u00f6rk\u00f6. Saln\u00f6 omges av \u00c5lands hav p\u00e5 utsidan och Bagghusfj\u00e4rden mot fastlandet. Vi befinner oss i Roslagen inte alltf\u00f6r l\u00e5ngt fr\u00e5n gamla Riksettan, den gamla [&hellip;]<\/p>\n","protected":false},"author":2,"featured_media":0,"parent":0,"menu_order":0,"comment_status":"closed","ping_status":"closed","template":"","meta":{"_et_pb_use_builder":"on","_et_pb_old_content":"","_et_gb_content_width":"","footnotes":""},"class_list":["post-703","page","type-page","status-publish","hentry"],"yoast_head":"<!-- This site is optimized with the Yoast SEO plugin v27.5 - https:\/\/yoast.com\/product\/yoast-seo-wordpress\/ -->\n<title>Om oss - Saln\u00f6 G\u00e5rd<\/title>\n<meta name=\"robots\" content=\"index, follow, max-snippet:-1, max-image-preview:large, max-video-preview:-1\" \/>\n<link rel=\"canonical\" href=\"https:\/\/www.salnogard.se\/index.php\/om-oss\/\" \/>\n<meta property=\"og:locale\" content=\"sv_SE\" \/>\n<meta property=\"og:type\" content=\"article\" \/>\n<meta property=\"og:title\" content=\"Om oss - Saln\u00f6 G\u00e5rd\" \/>\n<meta property=\"og:description\" content=\"Saln\u00f6 p\u00e5 s\u00f6dra V\u00e4dd\u00f6 \u00e4r vackert omgiven av sk\u00f6na \u00e4ngar, skog och \u00c5lands hav.Ett sk\u00e4rg\u00e5rdshemman i Roslagen! Saln\u00f6 G\u00e5rd ligger p\u00e5 Saln\u00f6 som \u00e4r en del av norra sk\u00e4rg\u00e5rden p\u00e5 V\u00e4dd\u00f6-Bj\u00f6rk\u00f6. Saln\u00f6 omges av \u00c5lands hav p\u00e5 utsidan och Bagghusfj\u00e4rden mot fastlandet. Vi befinner oss i Roslagen inte alltf\u00f6r l\u00e5ngt fr\u00e5n gamla Riksettan, den gamla [&hellip;]\" \/>\n<meta property=\"og:url\" content=\"https:\/\/www.salnogard.se\/index.php\/om-oss\/\" \/>\n<meta property=\"og:site_name\" content=\"Saln\u00f6 G\u00e5rd\" \/>\n<meta property=\"article:modified_time\" content=\"2021-05-17T06:24:53+00:00\" \/>\n<meta name=\"twitter:card\" content=\"summary_large_image\" \/>\n<meta name=\"twitter:label1\" content=\"Ber\u00e4knad l\u00e4stid\" \/>\n\t<meta name=\"twitter:data1\" content=\"6 minuter\" \/>\n<script type=\"application\/ld+json\" class=\"yoast-schema-graph\">{\"@context\":\"https:\\\/\\\/schema.org\",\"@graph\":[{\"@type\":\"WebPage\",\"@id\":\"https:\\\/\\\/www.salnogard.se\\\/index.php\\\/om-oss\\\/\",\"url\":\"https:\\\/\\\/www.salnogard.se\\\/index.php\\\/om-oss\\\/\",\"name\":\"Om oss - Saln\u00f6 G\u00e5rd\",\"isPartOf\":{\"@id\":\"https:\\\/\\\/www.salnogard.se\\\/#website\"},\"datePublished\":\"2021-04-28T14:52:13+00:00\",\"dateModified\":\"2021-05-17T06:24:53+00:00\",\"breadcrumb\":{\"@id\":\"https:\\\/\\\/www.salnogard.se\\\/index.php\\\/om-oss\\\/#breadcrumb\"},\"inLanguage\":\"sv-SE\",\"potentialAction\":[{\"@type\":\"ReadAction\",\"target\":[\"https:\\\/\\\/www.salnogard.se\\\/index.php\\\/om-oss\\\/\"]}]},{\"@type\":\"BreadcrumbList\",\"@id\":\"https:\\\/\\\/www.salnogard.se\\\/index.php\\\/om-oss\\\/#breadcrumb\",\"itemListElement\":[{\"@type\":\"ListItem\",\"position\":1,\"name\":\"Hem\",\"item\":\"https:\\\/\\\/www.salnogard.se\\\/\"},{\"@type\":\"ListItem\",\"position\":2,\"name\":\"Om oss\"}]},{\"@type\":\"WebSite\",\"@id\":\"https:\\\/\\\/www.salnogard.se\\\/#website\",\"url\":\"https:\\\/\\\/www.salnogard.se\\\/\",\"name\":\"Saln\u00f6 G\u00e5rd\",\"description\":\"Ett sk\u00e4rdg\u00e5rdshemman i Roslagen\",\"potentialAction\":[{\"@type\":\"SearchAction\",\"target\":{\"@type\":\"EntryPoint\",\"urlTemplate\":\"https:\\\/\\\/www.salnogard.se\\\/?s={search_term_string}\"},\"query-input\":{\"@type\":\"PropertyValueSpecification\",\"valueRequired\":true,\"valueName\":\"search_term_string\"}}],\"inLanguage\":\"sv-SE\"}]}<\/script>\n<!-- \/ Yoast SEO plugin. -->","yoast_head_json":{"title":"Om oss - Saln\u00f6 G\u00e5rd","robots":{"index":"index","follow":"follow","max-snippet":"max-snippet:-1","max-image-preview":"max-image-preview:large","max-video-preview":"max-video-preview:-1"},"canonical":"https:\/\/www.salnogard.se\/index.php\/om-oss\/","og_locale":"sv_SE","og_type":"article","og_title":"Om oss - Saln\u00f6 G\u00e5rd","og_description":"Saln\u00f6 p\u00e5 s\u00f6dra V\u00e4dd\u00f6 \u00e4r vackert omgiven av sk\u00f6na \u00e4ngar, skog och \u00c5lands hav.Ett sk\u00e4rg\u00e5rdshemman i Roslagen! Saln\u00f6 G\u00e5rd ligger p\u00e5 Saln\u00f6 som \u00e4r en del av norra sk\u00e4rg\u00e5rden p\u00e5 V\u00e4dd\u00f6-Bj\u00f6rk\u00f6. Saln\u00f6 omges av \u00c5lands hav p\u00e5 utsidan och Bagghusfj\u00e4rden mot fastlandet. Vi befinner oss i Roslagen inte alltf\u00f6r l\u00e5ngt fr\u00e5n gamla Riksettan, den gamla [&hellip;]","og_url":"https:\/\/www.salnogard.se\/index.php\/om-oss\/","og_site_name":"Saln\u00f6 G\u00e5rd","article_modified_time":"2021-05-17T06:24:53+00:00","twitter_card":"summary_large_image","twitter_misc":{"Ber\u00e4knad l\u00e4stid":"6 minuter"},"schema":{"@context":"https:\/\/schema.org","@graph":[{"@type":"WebPage","@id":"https:\/\/www.salnogard.se\/index.php\/om-oss\/","url":"https:\/\/www.salnogard.se\/index.php\/om-oss\/","name":"Om oss - Saln\u00f6 G\u00e5rd","isPartOf":{"@id":"https:\/\/www.salnogard.se\/#website"},"datePublished":"2021-04-28T14:52:13+00:00","dateModified":"2021-05-17T06:24:53+00:00","breadcrumb":{"@id":"https:\/\/www.salnogard.se\/index.php\/om-oss\/#breadcrumb"},"inLanguage":"sv-SE","potentialAction":[{"@type":"ReadAction","target":["https:\/\/www.salnogard.se\/index.php\/om-oss\/"]}]},{"@type":"BreadcrumbList","@id":"https:\/\/www.salnogard.se\/index.php\/om-oss\/#breadcrumb","itemListElement":[{"@type":"ListItem","position":1,"name":"Hem","item":"https:\/\/www.salnogard.se\/"},{"@type":"ListItem","position":2,"name":"Om oss"}]},{"@type":"WebSite","@id":"https:\/\/www.salnogard.se\/#website","url":"https:\/\/www.salnogard.se\/","name":"Saln\u00f6 G\u00e5rd","description":"Ett sk\u00e4rdg\u00e5rdshemman i Roslagen","potentialAction":[{"@type":"SearchAction","target":{"@type":"EntryPoint","urlTemplate":"https:\/\/www.salnogard.se\/?s={search_term_string}"},"query-input":{"@type":"PropertyValueSpecification","valueRequired":true,"valueName":"search_term_string"}}],"inLanguage":"sv-SE"}]}},"_links":{"self":[{"href":"https:\/\/www.salnogard.se\/index.php\/wp-json\/wp\/v2\/pages\/703","targetHints":{"allow":["GET"]}}],"collection":[{"href":"https:\/\/www.salnogard.se\/index.php\/wp-json\/wp\/v2\/pages"}],"about":[{"href":"https:\/\/www.salnogard.se\/index.php\/wp-json\/wp\/v2\/types\/page"}],"author":[{"embeddable":true,"href":"https:\/\/www.salnogard.se\/index.php\/wp-json\/wp\/v2\/users\/2"}],"replies":[{"embeddable":true,"href":"https:\/\/www.salnogard.se\/index.php\/wp-json\/wp\/v2\/comments?post=703"}],"version-history":[{"count":13,"href":"https:\/\/www.salnogard.se\/index.php\/wp-json\/wp\/v2\/pages\/703\/revisions"}],"predecessor-version":[{"id":1050,"href":"https:\/\/www.salnogard.se\/index.php\/wp-json\/wp\/v2\/pages\/703\/revisions\/1050"}],"wp:attachment":[{"href":"https:\/\/www.salnogard.se\/index.php\/wp-json\/wp\/v2\/media?parent=703"}],"curies":[{"name":"wp","href":"https:\/\/api.w.org\/{rel}","templated":true}]}}