{"id":743,"date":"2021-05-03T20:29:32","date_gmt":"2021-05-03T18:29:32","guid":{"rendered":"https:\/\/www.salnogard.se\/?page_id=743"},"modified":"2021-05-04T20:23:05","modified_gmt":"2021-05-04T18:23:05","slug":"ekologi","status":"publish","type":"page","link":"https:\/\/www.salnogard.se\/index.php\/ekologi\/","title":{"rendered":"Ekologi"},"content":{"rendered":"<p>[et_pb_section fb_built=&#8221;1&#8243; fullwidth=&#8221;on&#8221; _builder_version=&#8221;3.22&#8243; bottom_divider_style=&#8221;ramp2&#8243; bottom_divider_color=&#8221;#ffffff&#8221; bottom_divider_flip=&#8221;horizontal&#8221; animation_direction=&#8221;top&#8221;][et_pb_fullwidth_header title=&#8221;Ekologi p\u00e5 Saln\u00f6&#8221; text_orientation=&#8221;center&#8221; background_overlay_color=&#8221;rgba(84,84,84,0.18)&#8221; _builder_version=&#8221;4.9.4&#8243; title_font=&#8221;Lato|700|||||||&#8221; title_font_size=&#8221;46px&#8221; title_line_height=&#8221;1.5em&#8221; content_font=&#8221;Lato||||||||&#8221; content_font_size=&#8221;20px&#8221; content_line_height=&#8221;1.8em&#8221; subhead_font=&#8221;Lato|700|||||||&#8221; subhead_font_size=&#8221;25px&#8221; subhead_line_height=&#8221;1.5em&#8221; background_image=&#8221;https:\/\/www.salnogard.se\/wp-content\/uploads\/2021\/05\/Ekologi-Salno-Gard.jpg&#8221; custom_margin=&#8221;|||&#8221; custom_padding=&#8221;5vw||150px||false&#8221; animation_style=&#8221;slide&#8221; animation_direction=&#8221;top&#8221; animation_intensity_slide=&#8221;2%&#8221; hover_enabled=&#8221;0&#8243; title_font_size_tablet=&#8221;36px&#8221; title_font_size_phone=&#8221;&#8221; title_font_size_last_edited=&#8221;on|phone&#8221; text_shadow_style=&#8221;preset2&#8243; button_one_text_size__hover_enabled=&#8221;off&#8221; button_two_text_size__hover_enabled=&#8221;off&#8221; button_one_text_color__hover_enabled=&#8221;off&#8221; button_two_text_color__hover_enabled=&#8221;off&#8221; button_one_border_width__hover_enabled=&#8221;off&#8221; button_two_border_width__hover_enabled=&#8221;off&#8221; button_one_border_color__hover_enabled=&#8221;off&#8221; button_two_border_color__hover_enabled=&#8221;off&#8221; button_one_border_radius__hover_enabled=&#8221;off&#8221; button_two_border_radius__hover_enabled=&#8221;off&#8221; button_one_letter_spacing__hover_enabled=&#8221;off&#8221; button_two_letter_spacing__hover_enabled=&#8221;off&#8221; button_one_bg_color__hover_enabled=&#8221;off&#8221; button_two_bg_color__hover_enabled=&#8221;off&#8221; title_text=&#8221;Ekologi Saln\u00f6 G\u00e5rd&#8221; sticky_enabled=&#8221;0&#8243;]<\/p>\n<h2>Ett liv i balans och ett arv till kommande generationer<\/h2>\n<p>[\/et_pb_fullwidth_header][\/et_pb_section][et_pb_section fb_built=&#8221;1&#8243; next_background_color=&#8221;#345168&#8243; admin_label=&#8221;Om oss&#8221; _builder_version=&#8221;4.9.4&#8243; background_color=&#8221;#f5f5f5&#8243; custom_padding=&#8221;||177px||false|false&#8221; bottom_divider_style=&#8221;slant&#8221; bottom_divider_flip=&#8221;horizontal&#8221;][et_pb_row admin_label=&#8221;Om oss&#8221; _builder_version=&#8221;4.9.4&#8243; background_color=&#8221;#ffffff&#8221; max_width=&#8221;900px&#8221; custom_margin=&#8221;|||&#8221; custom_padding=&#8221;30px|30px|30px|30px|true|true&#8221; border_radii=&#8221;on|3px|3px|3px|3px&#8221; use_custom_width=&#8221;on&#8221; custom_width_px=&#8221;900px&#8221;][et_pb_column type=&#8221;4_4&#8243; _builder_version=&#8221;3.25&#8243; custom_padding=&#8221;|||&#8221; custom_padding__hover=&#8221;|||&#8221;][et_pb_text admin_label=&#8221;Ekologi p\u00e5 Saln\u00f6&#8221; _builder_version=&#8221;4.9.4&#8243; text_font=&#8221;Lato||||||||&#8221; text_font_size=&#8221;18px&#8221; text_line_height=&#8221;1.8em&#8221; header_font=&#8221;||||||||&#8221; header_2_font=&#8221;|600|||||||&#8221; header_2_font_size=&#8221;30px&#8221; header_3_font=&#8221;|700|||||||&#8221; header_3_line_height=&#8221;1.5em&#8221;]<\/p>\n<h2>Ekologi p\u00e5 Saln\u00f6<\/h2>\n<p>V\u00e5r syn p\u00e5 livet \u00e4r balans. Vi m\u00e5ste leva i balans med naturen f\u00f6r att kunna uppleva harmoni. Det betyder respekt f\u00f6r det levande men ocks\u00e5 f\u00f6r det som komma skall. Vi ska k\u00e4nna att vi \u00f6verl\u00e4mnar ett gott arv till kommande generationer.<\/p>\n<p>Saln\u00f6 G\u00e5rd har restaurerats och byggts upp med syftet att anv\u00e4nda h\u00e5llbara material. M\u00e5lning har skett exempelvis med gammaldags bepr\u00f6vad linoljef\u00e4rg som h\u00e5ller l\u00e4nge. Nya byggkrav har f\u00f6renklats d\u00e4r det \u00e4r m\u00f6jligt till exempel kr\u00e5ngliga ventilationssystem som samlar i b\u00e4sta fall damm har kunnat l\u00f6sas p\u00e5 ett annat s\u00e4tt utan r\u00f6r. Brands\u00e4kerhet och \u00f6vrig s\u00e4kerhet har dock g\u00e4llt fullt ut.<\/p>\n<p>G\u00e5rden med dess djur och \u00e5krar \u00e4r KRAV registrerade sedan l\u00e5ng tid. Allt drivs sm\u00e5skaligt efter vad naturen kan b\u00e4ra. Uppv\u00e4rmning av alla husen sker med biobr\u00e4nsle fr\u00e5n egen skog. Och bil beh\u00f6ver man inte f\u00f6r att komma hit. Det g\u00e5r utm\u00e4rkt att ta sig med buss fr\u00e5n Stockholm eller Norrt\u00e4lje. P\u00e5 k\u00f6pet f\u00e5r man en sightseeing i det vackra roslagen.<\/p>\n<p>&nbsp;<\/p>\n<p>[\/et_pb_text][\/et_pb_column][\/et_pb_row][\/et_pb_section][et_pb_section fb_built=&#8221;1&#8243; admin_label=&#8221;Footer&#8221; _builder_version=&#8221;4.9.4&#8243; background_color=&#8221;#345168&#8243; use_background_color_gradient=&#8221;on&#8221; background_color_gradient_start=&#8221;#345168&#8243; background_color_gradient_end=&#8221;rgba(219,219,219,0)&#8221; background_color_gradient_start_position=&#8221;5%&#8221; background_color_gradient_overlays_image=&#8221;on&#8221; background_image=&#8221;https:\/\/www.salnogard.se\/wp-content\/uploads\/2021\/04\/Saln\u00f6-brygga.jpg&#8221; custom_padding=&#8221;0.2%||5.4%||false|false&#8221; bottom_divider_flip=&#8221;horizontal&#8221;][et_pb_row _builder_version=&#8221;3.25&#8243; custom_padding=&#8221;||78px|||&#8221; locked=&#8221;off&#8221;][et_pb_column type=&#8221;4_4&#8243; _builder_version=&#8221;3.25&#8243; custom_padding=&#8221;|||&#8221; custom_padding__hover=&#8221;|||&#8221;][et_pb_text admin_label=&#8221;Title &#8211; Varmt v\u00e4lkommen till Saln\u00f6 G\u00e5rd!&#8221; _builder_version=&#8221;3.27.4&#8243; text_font=&#8221;Lato||||||||&#8221; text_font_size=&#8221;18px&#8221; text_line_height=&#8221;1.8em&#8221; header_2_font=&#8221;Lato|700|||||||&#8221; header_2_font_size=&#8221;40px&#8221; header_2_letter_spacing=&#8221;1px&#8221; header_2_line_height=&#8221;1.5em&#8221; header_6_font=&#8221;Lato|700|||||||&#8221; header_6_font_size=&#8221;18px&#8221; header_6_letter_spacing=&#8221;1px&#8221; header_6_line_height=&#8221;1.8em&#8221; text_orientation=&#8221;center&#8221; background_layout=&#8221;dark&#8221; max_width=&#8221;700px&#8221; module_alignment=&#8221;center&#8221; header_2_font_size_tablet=&#8221;&#8221; header_2_font_size_phone=&#8221;22px&#8221; header_2_font_size_last_edited=&#8221;on|phone&#8221;]<\/p>\n<h2>Varmt v\u00e4lkommen till Saln\u00f6 G\u00e5rd!<\/h2>\n<p>[\/et_pb_text][\/et_pb_column][\/et_pb_row][\/et_pb_section]<\/p>\n","protected":false},"excerpt":{"rendered":"<p>Ett liv i balans och ett arv till kommande generationerEkologi p\u00e5 Saln\u00f6 V\u00e5r syn p\u00e5 livet \u00e4r balans. Vi m\u00e5ste leva i balans med naturen f\u00f6r att kunna uppleva harmoni. Det betyder respekt f\u00f6r det levande men ocks\u00e5 f\u00f6r det som komma skall. Vi ska k\u00e4nna att vi \u00f6verl\u00e4mnar ett gott arv till kommande generationer. [&hellip;]<\/p>\n","protected":false},"author":2,"featured_media":0,"parent":0,"menu_order":0,"comment_status":"closed","ping_status":"closed","template":"","meta":{"_et_pb_use_builder":"on","_et_pb_old_content":"","_et_gb_content_width":"","footnotes":""},"class_list":["post-743","page","type-page","status-publish","hentry"],"yoast_head":"<!-- This site is optimized with the Yoast SEO plugin v27.5 - https:\/\/yoast.com\/product\/yoast-seo-wordpress\/ -->\n<title>Ekologi - Saln\u00f6 G\u00e5rd<\/title>\n<meta name=\"robots\" content=\"index, follow, max-snippet:-1, max-image-preview:large, max-video-preview:-1\" \/>\n<link rel=\"canonical\" href=\"https:\/\/www.salnogard.se\/index.php\/ekologi\/\" \/>\n<meta property=\"og:locale\" content=\"sv_SE\" \/>\n<meta property=\"og:type\" content=\"article\" \/>\n<meta property=\"og:title\" content=\"Ekologi - Saln\u00f6 G\u00e5rd\" \/>\n<meta property=\"og:description\" content=\"Ett liv i balans och ett arv till kommande generationerEkologi p\u00e5 Saln\u00f6 V\u00e5r syn p\u00e5 livet \u00e4r balans. Vi m\u00e5ste leva i balans med naturen f\u00f6r att kunna uppleva harmoni. Det betyder respekt f\u00f6r det levande men ocks\u00e5 f\u00f6r det som komma skall. Vi ska k\u00e4nna att vi \u00f6verl\u00e4mnar ett gott arv till kommande generationer. [&hellip;]\" \/>\n<meta property=\"og:url\" content=\"https:\/\/www.salnogard.se\/index.php\/ekologi\/\" \/>\n<meta property=\"og:site_name\" content=\"Saln\u00f6 G\u00e5rd\" \/>\n<meta property=\"article:modified_time\" content=\"2021-05-04T18:23:05+00:00\" \/>\n<meta name=\"twitter:card\" content=\"summary_large_image\" \/>\n<meta name=\"twitter:label1\" content=\"Ber\u00e4knad l\u00e4stid\" \/>\n\t<meta name=\"twitter:data1\" content=\"4 minuter\" \/>\n<script type=\"application\/ld+json\" class=\"yoast-schema-graph\">{\"@context\":\"https:\\\/\\\/schema.org\",\"@graph\":[{\"@type\":\"WebPage\",\"@id\":\"https:\\\/\\\/www.salnogard.se\\\/index.php\\\/ekologi\\\/\",\"url\":\"https:\\\/\\\/www.salnogard.se\\\/index.php\\\/ekologi\\\/\",\"name\":\"Ekologi - Saln\u00f6 G\u00e5rd\",\"isPartOf\":{\"@id\":\"https:\\\/\\\/www.salnogard.se\\\/#website\"},\"datePublished\":\"2021-05-03T18:29:32+00:00\",\"dateModified\":\"2021-05-04T18:23:05+00:00\",\"breadcrumb\":{\"@id\":\"https:\\\/\\\/www.salnogard.se\\\/index.php\\\/ekologi\\\/#breadcrumb\"},\"inLanguage\":\"sv-SE\",\"potentialAction\":[{\"@type\":\"ReadAction\",\"target\":[\"https:\\\/\\\/www.salnogard.se\\\/index.php\\\/ekologi\\\/\"]}]},{\"@type\":\"BreadcrumbList\",\"@id\":\"https:\\\/\\\/www.salnogard.se\\\/index.php\\\/ekologi\\\/#breadcrumb\",\"itemListElement\":[{\"@type\":\"ListItem\",\"position\":1,\"name\":\"Hem\",\"item\":\"https:\\\/\\\/www.salnogard.se\\\/\"},{\"@type\":\"ListItem\",\"position\":2,\"name\":\"Ekologi\"}]},{\"@type\":\"WebSite\",\"@id\":\"https:\\\/\\\/www.salnogard.se\\\/#website\",\"url\":\"https:\\\/\\\/www.salnogard.se\\\/\",\"name\":\"Saln\u00f6 G\u00e5rd\",\"description\":\"Ett sk\u00e4rdg\u00e5rdshemman i Roslagen\",\"potentialAction\":[{\"@type\":\"SearchAction\",\"target\":{\"@type\":\"EntryPoint\",\"urlTemplate\":\"https:\\\/\\\/www.salnogard.se\\\/?s={search_term_string}\"},\"query-input\":{\"@type\":\"PropertyValueSpecification\",\"valueRequired\":true,\"valueName\":\"search_term_string\"}}],\"inLanguage\":\"sv-SE\"}]}<\/script>\n<!-- \/ Yoast SEO plugin. -->","yoast_head_json":{"title":"Ekologi - Saln\u00f6 G\u00e5rd","robots":{"index":"index","follow":"follow","max-snippet":"max-snippet:-1","max-image-preview":"max-image-preview:large","max-video-preview":"max-video-preview:-1"},"canonical":"https:\/\/www.salnogard.se\/index.php\/ekologi\/","og_locale":"sv_SE","og_type":"article","og_title":"Ekologi - Saln\u00f6 G\u00e5rd","og_description":"Ett liv i balans och ett arv till kommande generationerEkologi p\u00e5 Saln\u00f6 V\u00e5r syn p\u00e5 livet \u00e4r balans. Vi m\u00e5ste leva i balans med naturen f\u00f6r att kunna uppleva harmoni. Det betyder respekt f\u00f6r det levande men ocks\u00e5 f\u00f6r det som komma skall. Vi ska k\u00e4nna att vi \u00f6verl\u00e4mnar ett gott arv till kommande generationer. [&hellip;]","og_url":"https:\/\/www.salnogard.se\/index.php\/ekologi\/","og_site_name":"Saln\u00f6 G\u00e5rd","article_modified_time":"2021-05-04T18:23:05+00:00","twitter_card":"summary_large_image","twitter_misc":{"Ber\u00e4knad l\u00e4stid":"4 minuter"},"schema":{"@context":"https:\/\/schema.org","@graph":[{"@type":"WebPage","@id":"https:\/\/www.salnogard.se\/index.php\/ekologi\/","url":"https:\/\/www.salnogard.se\/index.php\/ekologi\/","name":"Ekologi - Saln\u00f6 G\u00e5rd","isPartOf":{"@id":"https:\/\/www.salnogard.se\/#website"},"datePublished":"2021-05-03T18:29:32+00:00","dateModified":"2021-05-04T18:23:05+00:00","breadcrumb":{"@id":"https:\/\/www.salnogard.se\/index.php\/ekologi\/#breadcrumb"},"inLanguage":"sv-SE","potentialAction":[{"@type":"ReadAction","target":["https:\/\/www.salnogard.se\/index.php\/ekologi\/"]}]},{"@type":"BreadcrumbList","@id":"https:\/\/www.salnogard.se\/index.php\/ekologi\/#breadcrumb","itemListElement":[{"@type":"ListItem","position":1,"name":"Hem","item":"https:\/\/www.salnogard.se\/"},{"@type":"ListItem","position":2,"name":"Ekologi"}]},{"@type":"WebSite","@id":"https:\/\/www.salnogard.se\/#website","url":"https:\/\/www.salnogard.se\/","name":"Saln\u00f6 G\u00e5rd","description":"Ett sk\u00e4rdg\u00e5rdshemman i Roslagen","potentialAction":[{"@type":"SearchAction","target":{"@type":"EntryPoint","urlTemplate":"https:\/\/www.salnogard.se\/?s={search_term_string}"},"query-input":{"@type":"PropertyValueSpecification","valueRequired":true,"valueName":"search_term_string"}}],"inLanguage":"sv-SE"}]}},"_links":{"self":[{"href":"https:\/\/www.salnogard.se\/index.php\/wp-json\/wp\/v2\/pages\/743","targetHints":{"allow":["GET"]}}],"collection":[{"href":"https:\/\/www.salnogard.se\/index.php\/wp-json\/wp\/v2\/pages"}],"about":[{"href":"https:\/\/www.salnogard.se\/index.php\/wp-json\/wp\/v2\/types\/page"}],"author":[{"embeddable":true,"href":"https:\/\/www.salnogard.se\/index.php\/wp-json\/wp\/v2\/users\/2"}],"replies":[{"embeddable":true,"href":"https:\/\/www.salnogard.se\/index.php\/wp-json\/wp\/v2\/comments?post=743"}],"version-history":[{"count":10,"href":"https:\/\/www.salnogard.se\/index.php\/wp-json\/wp\/v2\/pages\/743\/revisions"}],"predecessor-version":[{"id":819,"href":"https:\/\/www.salnogard.se\/index.php\/wp-json\/wp\/v2\/pages\/743\/revisions\/819"}],"wp:attachment":[{"href":"https:\/\/www.salnogard.se\/index.php\/wp-json\/wp\/v2\/media?parent=743"}],"curies":[{"name":"wp","href":"https:\/\/api.w.org\/{rel}","templated":true}]}}