{"id":757,"date":"2021-05-03T20:43:37","date_gmt":"2021-05-03T18:43:37","guid":{"rendered":"https:\/\/www.salnogard.se\/?page_id=757"},"modified":"2021-06-01T19:49:40","modified_gmt":"2021-06-01T17:49:40","slug":"historia","status":"publish","type":"page","link":"https:\/\/www.salnogard.se\/index.php\/historia\/","title":{"rendered":"Historia"},"content":{"rendered":"<p>[et_pb_section fb_built=&#8221;1&#8243; fullwidth=&#8221;on&#8221; _builder_version=&#8221;4.9.4&#8243; background_enable_color=&#8221;off&#8221; background_image=&#8221;https:\/\/www.salnogard.se\/wp-content\/uploads\/2021\/05\/DSC00152.jpg&#8221; background_position=&#8221;top_center&#8221; bottom_divider_style=&#8221;ramp2&#8243; bottom_divider_color=&#8221;#ffffff&#8221; bottom_divider_flip=&#8221;horizontal&#8221; animation_direction=&#8221;top&#8221; hover_enabled=&#8221;0&#8243; title_text=&#8221;DSC00152&#8243; sticky_enabled=&#8221;0&#8243;][et_pb_fullwidth_header title=&#8221;Bydgens och g\u00e5rdens historia&#8221; text_orientation=&#8221;center&#8221; background_overlay_color=&#8221;rgba(84,84,84,0.18)&#8221; _builder_version=&#8221;4.9.4&#8243; title_font=&#8221;Lato|700|||||||&#8221; title_font_size=&#8221;46px&#8221; title_line_height=&#8221;1.5em&#8221; content_font=&#8221;Lato||||||||&#8221; content_font_size=&#8221;20px&#8221; content_line_height=&#8221;1.8em&#8221; subhead_font=&#8221;Lato|700|||||||&#8221; subhead_font_size=&#8221;25px&#8221; subhead_line_height=&#8221;1.5em&#8221; background_enable_color=&#8221;off&#8221; background_enable_image=&#8221;off&#8221; background_position=&#8221;top_center&#8221; custom_margin=&#8221;|||&#8221; custom_padding=&#8221;5vw||150px||false&#8221; animation_style=&#8221;slide&#8221; animation_direction=&#8221;top&#8221; animation_intensity_slide=&#8221;2%&#8221; title_font_size_tablet=&#8221;36px&#8221; title_font_size_phone=&#8221;&#8221; title_font_size_last_edited=&#8221;on|phone&#8221; text_shadow_style=&#8221;preset2&#8243; button_one_text_size__hover_enabled=&#8221;off&#8221; button_two_text_size__hover_enabled=&#8221;off&#8221; button_one_text_color__hover_enabled=&#8221;off&#8221; button_two_text_color__hover_enabled=&#8221;off&#8221; button_one_border_width__hover_enabled=&#8221;off&#8221; button_two_border_width__hover_enabled=&#8221;off&#8221; button_one_border_color__hover_enabled=&#8221;off&#8221; button_two_border_color__hover_enabled=&#8221;off&#8221; button_one_border_radius__hover_enabled=&#8221;off&#8221; button_two_border_radius__hover_enabled=&#8221;off&#8221; button_one_letter_spacing__hover_enabled=&#8221;off&#8221; button_two_letter_spacing__hover_enabled=&#8221;off&#8221; button_one_bg_color__hover_enabled=&#8221;off&#8221; button_two_bg_color__hover_enabled=&#8221;off&#8221;]<\/p>\n<h2>Saln\u00f6 p\u00e5 s\u00f6dra V\u00e4dd\u00f6 \u00e4r vackert omgiven av sk\u00f6na \u00e4ngar, skog och \u00c5lands hav.<\/h2>\n<p>[\/et_pb_fullwidth_header][\/et_pb_section][et_pb_section fb_built=&#8221;1&#8243; next_background_color=&#8221;#345168&#8243; admin_label=&#8221;Om oss&#8221; _builder_version=&#8221;4.9.4&#8243; background_color=&#8221;#f5f5f5&#8243; custom_padding=&#8221;||177px||false|false&#8221; bottom_divider_style=&#8221;slant&#8221; bottom_divider_flip=&#8221;horizontal&#8221;][et_pb_row admin_label=&#8221;Om oss&#8221; _builder_version=&#8221;4.9.4&#8243; background_color=&#8221;#ffffff&#8221; max_width=&#8221;900px&#8221; custom_margin=&#8221;|||&#8221; custom_padding=&#8221;30px|30px|30px|30px|true|true&#8221; border_radii=&#8221;on|3px|3px|3px|3px&#8221; use_custom_width=&#8221;on&#8221; custom_width_px=&#8221;900px&#8221;][et_pb_column type=&#8221;4_4&#8243; _builder_version=&#8221;3.25&#8243; custom_padding=&#8221;|||&#8221; custom_padding__hover=&#8221;|||&#8221;][et_pb_text admin_label=&#8221;Ett sk\u00e4rg\u00e5rdshemman i Roslagen!&#8221; _builder_version=&#8221;4.9.4&#8243; text_font=&#8221;Lato||||||||&#8221; text_font_size=&#8221;18px&#8221; text_line_height=&#8221;1.8em&#8221; header_font=&#8221;||||||||&#8221; header_2_font=&#8221;|600|||||||&#8221; header_2_font_size=&#8221;30px&#8221; header_3_font=&#8221;|700|||||||&#8221; header_3_line_height=&#8221;1.5em&#8221;]<\/p>\n<h2>Bydgens och g\u00e5rdens historia<\/h2>\n<p>Saln\u00f6 G\u00e5rd ligger i Roslagen. Detta omr\u00e5de l\u00e4ngs med ostkusten i Svealand har en l\u00e5ng och sp\u00e4nnande historia. Namnet Roslagen h\u00e4rleds ur ordet Roths-lagin som betyder roddarlag vilket leder till ledungsflottor och indelningen i skeppslag. J\u00e4mf\u00f6r finska ordet ruotsi vilket idag betyder svensk, slaverna kallade dem ruzi, grekerna rhos. De ben\u00e4mndes \u00e4ven varjager vilket betyder v\u00e4ringar i kungens hold. I Nestorskr\u00f6nikan skriven p\u00e5 1000 talet ber\u00e4ttas att varjagerna-ruserna kr\u00e4vde slaverna p\u00e5 skatt n\u00e4r de kom till slavernas land. Slaverna avvisade deras krav d\u00e5 de ville styra sig sj\u00e4lva. Efter en tid r\u00e5dde kaos i slavernas land varp\u00e5 slaverna skickade en delegation som for \u00f6ver varjagiska havet (\u00c5landshav) f\u00f6r att s\u00f6ka sig en furste bland ruserna i Roslagen. \u201dL\u00e5t oss s\u00f6ka oss en furste som h\u00e4rskar \u00f6ver oss och skipar lag bland oss. V\u00e5rt land \u00e4r stort och fruktbart men d\u00e4r saknas ordning. Kommen och regera och h\u00e4rsken \u00f6ver oss\u201d. Tre br\u00f6der valde slaverna ut bland ruserna, den \u00e4ldsta som hette Rurik slog sig ner i Novgorod, d\u00e5 kallat Holmg\u00e5rd av ruserna. Hans tv\u00e5 br\u00f6der kom att h\u00e4rska p\u00e5 andra platser i slavernas rike. Efter dessa varjager fick det rusiska landet sitt namn, Ryssland. Huset Rurik styrde delar av Volchov-Lovat-Dnjepromr\u00e5det fr\u00e5n 862 till 1610 d\u00e5 huset Romanov tilltr\u00e4dde.<\/p>\n<p>Den nordliga passagen fr\u00e5n \u00d6stersj\u00f6n som leder till svearnas centrum, Birka och Sigtuna l\u00e5g mellan Saln\u00f6 och Lingsl\u00e4t\u00f6, den senare ben\u00e4mns idag som Barnens \u00f6. V\u00e5rdkasarna p\u00e5 bergen \u00f6msom sundet \u00e4r historiskt belagda.<\/p>\n<p>I Upplandslagen skriven 1296 ber\u00e4ttas \u201dNu bjuder konungen ut lid och ledung, han bjuder ur rodd och redskap, d\u00e5 skall man namnge hamn och stam och styrman alla roddare.<br \/>Ledung hade tv\u00e5 huvuduppgifter utrodd (krigsledung) och wardhald (kustbevakning). Folklanden i Swea rike var d\u00e5 indelat i hundare. Ett hundare bestod av de g\u00e5rdar som tillsammans skulle st\u00e4lla upp med 96 roddare och fyra styrm\u00e4n. De uppl\u00e4ndska folklanden var Attundaland (8 hundare) Tiundaland (10) och Fj\u00e4rdrundaland (4). Roths-lagin, Roslagen var d\u00e4remot indelat i Skeppslag som var n\u00e5got mindre \u00e4n ett hundare. Om b\u00f6nderna inte st\u00e4llde upp med roddare och skepp fick de b\u00f6ta. Vad som \u00e4ven kom att \u00e5ligga b\u00f6nderna i skeppslagen p\u00e5 V\u00e4dd\u00f6 var postbefordran \u00f6ver \u00c5landshav stadf\u00e4st \u00e5r 1470. Skyldigheten \u00e5l\u00e5g dem \u00e5ret runt vare sig isen bar eller brast. Denna skyldighet l\u00e5g tung och m\u00e5nga skrifter med klagan till h\u00f6gre instans finns belagt.<\/p>\n<p>1719, ett \u00e5r efter Karl den XII d\u00f6d kom en rysk h\u00e4r till den svenska kusten och br\u00e4nde hemman fr\u00e5n G\u00e4vle och ner till Kalmar. Den ryske tsar Peter den store var missn\u00f6jd med att fredsf\u00f6rhandlingarna mellan Ryssland och Sverige drog ut p\u00e5 tiden. Sverige saknade vid denna tid resurser att f\u00f6rsvara sig efter l\u00e5ngvarigt krig med Ryssland. Det stora nordiska kriget p\u00e5gick samtidigt, Norge-Danmark anf\u00f6ll Sverige p\u00e5 v\u00e4stkusten d\u00e5 bland annat Marstrand intogs. I folkminnet lever ber\u00e4ttelserna kvar d\u00e5 g\u00e5rdarna l\u00e4ngs kusten sattes i brand. Roslagens hemmans\u00e4gare beviljades skattefrihet under n\u00e5gra \u00e5r f\u00f6r att kunna bygga upp vad som \u00f6delagts.<\/p>\n<p>Vad som k\u00e4nnetecknar Roslagen under senare \u00e5rhundraden \u00e4r sm\u00e5skaligt jordbruk. Marken har ett tunt jordlager s\u00e5 sk\u00f6rdarna blir inte stora. Rospiggen m\u00e5 finna andra s\u00e4tt f\u00f6r sin utkomst och d\u00e4r har havet haft en stor betydelse. Fisk, jakt p\u00e5 vilt och s\u00e4l samt skattning av \u00e4gg hos sj\u00f6f\u00e5gel blev en s\u00e4krare m\u00f6jlighet. De kunde s\u00e4lja sina varor genom att segla till Stockholm. Att rospiggen \u00e4r ett original kan vi ta del av genom att l\u00e4sa Albert Engstr\u00f6ms b\u00f6cker. Han bodde under l\u00e5ng tid i Grisslehamn och var lika god v\u00e4n med rospiggen som med August Strindberg eller annat h\u00f6gvilt.<\/p>\n<p>P\u00e5 Saln\u00f6 l\u00e5g n\u00e5gra fiskehemman med sina sm\u00e5 \u00e5kertegar. Kyrkof\u00f6rsamlingarna Hedvig Eleonora och Oscar i Stockholm kom att bedriva barnkoloni, p\u00e5 det som idag \u00e4r Saln\u00f6 G\u00e5rd, fr\u00e5n 1920 till 1990 f\u00f6r f\u00f6rsamlingens barn. \u00c4ven p\u00e5 \u00d6stermalm fanns behov f\u00f6r att komma ut fr\u00e5n stenstaden till landet och f\u00e5 frisk luft och n\u00e4ringsrik mat. Under denna tid, mellan tv\u00e5 v\u00e4rldskrig, h\u00e4rjade ocks\u00e5 tuberkulosen sv\u00e5rt. M\u00e5nga barn hade anledning att vara tacksamma f\u00f6r att f\u00e5 m\u00f6jlighet leva ett sunt liv under en sommar och \u00e4ven finna nya v\u00e4nner.<\/p>\n<p>1993 s\u00e5lde kyrkan kolonin. Behovet f\u00f6r verksamheten var inte l\u00e4ngre lika stort.<br \/>G\u00e5rden kom i och med detta i v\u00e5r familjs \u00e4go. Vi har sedan rustat husen till att kunna m\u00f6ta moderna krav men \u00e4nd\u00e5 ge k\u00e4nslan av en genuin milj\u00f6. P\u00e5 g\u00e5rden h\u00f6r \u00e4ven djur till, h\u00e4r finns roslagsf\u00e5r, h\u00e4star hundar och h\u00f6ns. Allt i ekologisk anda.<\/p>\n<p>Nu h\u00e4lsar vi alla \u00e5ldrar v\u00e4lkomna till Saln\u00f6 G\u00e5rd d\u00e4r man kan finna lugn och ro fr\u00e5n storstadens brus och det digitala livet vare sig det g\u00e4ller en konferensbokning, fest eller avkopplande privatvistelse.<\/p>\n<p>V\u00e4lkomna<br \/>Eva Sigurjonsson Edman<\/p>\n<p>&nbsp;<\/p>\n<p>[\/et_pb_text][\/et_pb_column][\/et_pb_row][\/et_pb_section][et_pb_section fb_built=&#8221;1&#8243; admin_label=&#8221;Footer&#8221; _builder_version=&#8221;4.9.4&#8243; background_color=&#8221;#345168&#8243; use_background_color_gradient=&#8221;on&#8221; background_color_gradient_start=&#8221;#345168&#8243; background_color_gradient_end=&#8221;rgba(219,219,219,0)&#8221; background_color_gradient_start_position=&#8221;5%&#8221; background_color_gradient_overlays_image=&#8221;on&#8221; background_image=&#8221;https:\/\/www.salnogard.se\/wp-content\/uploads\/2021\/04\/Saln\u00f6-brygga.jpg&#8221; custom_padding=&#8221;0.2%||5.4%||false|false&#8221; bottom_divider_flip=&#8221;horizontal&#8221;][et_pb_row _builder_version=&#8221;3.25&#8243; custom_padding=&#8221;||78px|||&#8221; locked=&#8221;off&#8221;][et_pb_column type=&#8221;4_4&#8243; _builder_version=&#8221;3.25&#8243; custom_padding=&#8221;|||&#8221; custom_padding__hover=&#8221;|||&#8221;][et_pb_text admin_label=&#8221;Title &#8211; Varmt v\u00e4lkommen till Saln\u00f6 G\u00e5rd!&#8221; _builder_version=&#8221;3.27.4&#8243; text_font=&#8221;Lato||||||||&#8221; text_font_size=&#8221;18px&#8221; text_line_height=&#8221;1.8em&#8221; header_2_font=&#8221;Lato|700|||||||&#8221; header_2_font_size=&#8221;40px&#8221; header_2_letter_spacing=&#8221;1px&#8221; header_2_line_height=&#8221;1.5em&#8221; header_6_font=&#8221;Lato|700|||||||&#8221; header_6_font_size=&#8221;18px&#8221; header_6_letter_spacing=&#8221;1px&#8221; header_6_line_height=&#8221;1.8em&#8221; text_orientation=&#8221;center&#8221; background_layout=&#8221;dark&#8221; max_width=&#8221;700px&#8221; module_alignment=&#8221;center&#8221; header_2_font_size_tablet=&#8221;&#8221; header_2_font_size_phone=&#8221;22px&#8221; header_2_font_size_last_edited=&#8221;on|phone&#8221;]<\/p>\n<h2>Varmt v\u00e4lkommen till Saln\u00f6 G\u00e5rd!<\/h2>\n<p>[\/et_pb_text][\/et_pb_column][\/et_pb_row][\/et_pb_section]<\/p>\n","protected":false},"excerpt":{"rendered":"<p>Saln\u00f6 p\u00e5 s\u00f6dra V\u00e4dd\u00f6 \u00e4r vackert omgiven av sk\u00f6na \u00e4ngar, skog och \u00c5lands hav.Bydgens och g\u00e5rdens historia Saln\u00f6 G\u00e5rd ligger i Roslagen. Detta omr\u00e5de l\u00e4ngs med ostkusten i Svealand har en l\u00e5ng och sp\u00e4nnande historia. Namnet Roslagen h\u00e4rleds ur ordet Roths-lagin som betyder roddarlag vilket leder till ledungsflottor och indelningen i skeppslag. J\u00e4mf\u00f6r finska ordet [&hellip;]<\/p>\n","protected":false},"author":2,"featured_media":0,"parent":0,"menu_order":0,"comment_status":"closed","ping_status":"closed","template":"","meta":{"_et_pb_use_builder":"on","_et_pb_old_content":"","_et_gb_content_width":"","footnotes":""},"class_list":["post-757","page","type-page","status-publish","hentry"],"yoast_head":"<!-- This site is optimized with the Yoast SEO plugin v27.5 - https:\/\/yoast.com\/product\/yoast-seo-wordpress\/ -->\n<title>Historia - Saln\u00f6 G\u00e5rd<\/title>\n<meta name=\"robots\" content=\"index, follow, max-snippet:-1, max-image-preview:large, max-video-preview:-1\" \/>\n<link rel=\"canonical\" href=\"https:\/\/www.salnogard.se\/index.php\/historia\/\" \/>\n<meta property=\"og:locale\" content=\"sv_SE\" \/>\n<meta property=\"og:type\" content=\"article\" \/>\n<meta property=\"og:title\" content=\"Historia - Saln\u00f6 G\u00e5rd\" \/>\n<meta property=\"og:description\" content=\"Saln\u00f6 p\u00e5 s\u00f6dra V\u00e4dd\u00f6 \u00e4r vackert omgiven av sk\u00f6na \u00e4ngar, skog och \u00c5lands hav.Bydgens och g\u00e5rdens historia Saln\u00f6 G\u00e5rd ligger i Roslagen. Detta omr\u00e5de l\u00e4ngs med ostkusten i Svealand har en l\u00e5ng och sp\u00e4nnande historia. Namnet Roslagen h\u00e4rleds ur ordet Roths-lagin som betyder roddarlag vilket leder till ledungsflottor och indelningen i skeppslag. J\u00e4mf\u00f6r finska ordet [&hellip;]\" \/>\n<meta property=\"og:url\" content=\"https:\/\/www.salnogard.se\/index.php\/historia\/\" \/>\n<meta property=\"og:site_name\" content=\"Saln\u00f6 G\u00e5rd\" \/>\n<meta property=\"article:modified_time\" content=\"2021-06-01T17:49:40+00:00\" \/>\n<meta name=\"twitter:card\" content=\"summary_large_image\" \/>\n<meta name=\"twitter:label1\" content=\"Ber\u00e4knad l\u00e4stid\" \/>\n\t<meta name=\"twitter:data1\" content=\"7 minuter\" \/>\n<script type=\"application\/ld+json\" class=\"yoast-schema-graph\">{\"@context\":\"https:\\\/\\\/schema.org\",\"@graph\":[{\"@type\":\"WebPage\",\"@id\":\"https:\\\/\\\/www.salnogard.se\\\/index.php\\\/historia\\\/\",\"url\":\"https:\\\/\\\/www.salnogard.se\\\/index.php\\\/historia\\\/\",\"name\":\"Historia - Saln\u00f6 G\u00e5rd\",\"isPartOf\":{\"@id\":\"https:\\\/\\\/www.salnogard.se\\\/#website\"},\"datePublished\":\"2021-05-03T18:43:37+00:00\",\"dateModified\":\"2021-06-01T17:49:40+00:00\",\"breadcrumb\":{\"@id\":\"https:\\\/\\\/www.salnogard.se\\\/index.php\\\/historia\\\/#breadcrumb\"},\"inLanguage\":\"sv-SE\",\"potentialAction\":[{\"@type\":\"ReadAction\",\"target\":[\"https:\\\/\\\/www.salnogard.se\\\/index.php\\\/historia\\\/\"]}]},{\"@type\":\"BreadcrumbList\",\"@id\":\"https:\\\/\\\/www.salnogard.se\\\/index.php\\\/historia\\\/#breadcrumb\",\"itemListElement\":[{\"@type\":\"ListItem\",\"position\":1,\"name\":\"Hem\",\"item\":\"https:\\\/\\\/www.salnogard.se\\\/\"},{\"@type\":\"ListItem\",\"position\":2,\"name\":\"Historia\"}]},{\"@type\":\"WebSite\",\"@id\":\"https:\\\/\\\/www.salnogard.se\\\/#website\",\"url\":\"https:\\\/\\\/www.salnogard.se\\\/\",\"name\":\"Saln\u00f6 G\u00e5rd\",\"description\":\"Ett sk\u00e4rdg\u00e5rdshemman i Roslagen\",\"potentialAction\":[{\"@type\":\"SearchAction\",\"target\":{\"@type\":\"EntryPoint\",\"urlTemplate\":\"https:\\\/\\\/www.salnogard.se\\\/?s={search_term_string}\"},\"query-input\":{\"@type\":\"PropertyValueSpecification\",\"valueRequired\":true,\"valueName\":\"search_term_string\"}}],\"inLanguage\":\"sv-SE\"}]}<\/script>\n<!-- \/ Yoast SEO plugin. -->","yoast_head_json":{"title":"Historia - Saln\u00f6 G\u00e5rd","robots":{"index":"index","follow":"follow","max-snippet":"max-snippet:-1","max-image-preview":"max-image-preview:large","max-video-preview":"max-video-preview:-1"},"canonical":"https:\/\/www.salnogard.se\/index.php\/historia\/","og_locale":"sv_SE","og_type":"article","og_title":"Historia - Saln\u00f6 G\u00e5rd","og_description":"Saln\u00f6 p\u00e5 s\u00f6dra V\u00e4dd\u00f6 \u00e4r vackert omgiven av sk\u00f6na \u00e4ngar, skog och \u00c5lands hav.Bydgens och g\u00e5rdens historia Saln\u00f6 G\u00e5rd ligger i Roslagen. Detta omr\u00e5de l\u00e4ngs med ostkusten i Svealand har en l\u00e5ng och sp\u00e4nnande historia. Namnet Roslagen h\u00e4rleds ur ordet Roths-lagin som betyder roddarlag vilket leder till ledungsflottor och indelningen i skeppslag. J\u00e4mf\u00f6r finska ordet [&hellip;]","og_url":"https:\/\/www.salnogard.se\/index.php\/historia\/","og_site_name":"Saln\u00f6 G\u00e5rd","article_modified_time":"2021-06-01T17:49:40+00:00","twitter_card":"summary_large_image","twitter_misc":{"Ber\u00e4knad l\u00e4stid":"7 minuter"},"schema":{"@context":"https:\/\/schema.org","@graph":[{"@type":"WebPage","@id":"https:\/\/www.salnogard.se\/index.php\/historia\/","url":"https:\/\/www.salnogard.se\/index.php\/historia\/","name":"Historia - Saln\u00f6 G\u00e5rd","isPartOf":{"@id":"https:\/\/www.salnogard.se\/#website"},"datePublished":"2021-05-03T18:43:37+00:00","dateModified":"2021-06-01T17:49:40+00:00","breadcrumb":{"@id":"https:\/\/www.salnogard.se\/index.php\/historia\/#breadcrumb"},"inLanguage":"sv-SE","potentialAction":[{"@type":"ReadAction","target":["https:\/\/www.salnogard.se\/index.php\/historia\/"]}]},{"@type":"BreadcrumbList","@id":"https:\/\/www.salnogard.se\/index.php\/historia\/#breadcrumb","itemListElement":[{"@type":"ListItem","position":1,"name":"Hem","item":"https:\/\/www.salnogard.se\/"},{"@type":"ListItem","position":2,"name":"Historia"}]},{"@type":"WebSite","@id":"https:\/\/www.salnogard.se\/#website","url":"https:\/\/www.salnogard.se\/","name":"Saln\u00f6 G\u00e5rd","description":"Ett sk\u00e4rdg\u00e5rdshemman i Roslagen","potentialAction":[{"@type":"SearchAction","target":{"@type":"EntryPoint","urlTemplate":"https:\/\/www.salnogard.se\/?s={search_term_string}"},"query-input":{"@type":"PropertyValueSpecification","valueRequired":true,"valueName":"search_term_string"}}],"inLanguage":"sv-SE"}]}},"_links":{"self":[{"href":"https:\/\/www.salnogard.se\/index.php\/wp-json\/wp\/v2\/pages\/757","targetHints":{"allow":["GET"]}}],"collection":[{"href":"https:\/\/www.salnogard.se\/index.php\/wp-json\/wp\/v2\/pages"}],"about":[{"href":"https:\/\/www.salnogard.se\/index.php\/wp-json\/wp\/v2\/types\/page"}],"author":[{"embeddable":true,"href":"https:\/\/www.salnogard.se\/index.php\/wp-json\/wp\/v2\/users\/2"}],"replies":[{"embeddable":true,"href":"https:\/\/www.salnogard.se\/index.php\/wp-json\/wp\/v2\/comments?post=757"}],"version-history":[{"count":5,"href":"https:\/\/www.salnogard.se\/index.php\/wp-json\/wp\/v2\/pages\/757\/revisions"}],"predecessor-version":[{"id":1114,"href":"https:\/\/www.salnogard.se\/index.php\/wp-json\/wp\/v2\/pages\/757\/revisions\/1114"}],"wp:attachment":[{"href":"https:\/\/www.salnogard.se\/index.php\/wp-json\/wp\/v2\/media?parent=757"}],"curies":[{"name":"wp","href":"https:\/\/api.w.org\/{rel}","templated":true}]}}