{"id":820,"date":"2021-05-04T20:29:30","date_gmt":"2021-05-04T18:29:30","guid":{"rendered":"https:\/\/www.salnogard.se\/?page_id=820"},"modified":"2021-05-04T21:41:55","modified_gmt":"2021-05-04T19:41:55","slug":"hitta-hit","status":"publish","type":"page","link":"https:\/\/www.salnogard.se\/index.php\/hitta-hit\/","title":{"rendered":"Hitta hit"},"content":{"rendered":"<p>[et_pb_section fb_built=&#8221;1&#8243; fullwidth=&#8221;on&#8221; _builder_version=&#8221;4.9.4&#8243; bottom_divider_style=&#8221;ramp2&#8243; bottom_divider_color=&#8221;#ffffff&#8221; bottom_divider_flip=&#8221;horizontal&#8221; animation_direction=&#8221;top&#8221;][et_pb_fullwidth_header title=&#8221;Hitta hit&#8221; text_orientation=&#8221;center&#8221; background_overlay_color=&#8221;rgba(84,84,84,0.18)&#8221; _builder_version=&#8221;4.9.4&#8243; title_font=&#8221;Lato|700|||||||&#8221; title_font_size=&#8221;46px&#8221; title_line_height=&#8221;1.5em&#8221; content_font=&#8221;Lato||||||||&#8221; content_font_size=&#8221;20px&#8221; content_line_height=&#8221;1.8em&#8221; subhead_font=&#8221;Lato|700|||||||&#8221; subhead_font_size=&#8221;25px&#8221; subhead_line_height=&#8221;1.5em&#8221; background_image=&#8221;https:\/\/www.salnogard.se\/wp-content\/uploads\/2021\/04\/V\u00e4lkommen-till-Saln\u00f6-G\u00e5rd.jpg&#8221; custom_margin=&#8221;|||&#8221; custom_padding=&#8221;5vw||150px||false&#8221; animation_style=&#8221;slide&#8221; animation_direction=&#8221;top&#8221; animation_intensity_slide=&#8221;2%&#8221; hover_enabled=&#8221;0&#8243; title_font_size_tablet=&#8221;36px&#8221; title_font_size_phone=&#8221;&#8221; title_font_size_last_edited=&#8221;on|phone&#8221; text_shadow_style=&#8221;preset2&#8243; button_one_text_size__hover_enabled=&#8221;off&#8221; button_two_text_size__hover_enabled=&#8221;off&#8221; button_one_text_color__hover_enabled=&#8221;off&#8221; button_two_text_color__hover_enabled=&#8221;off&#8221; button_one_border_width__hover_enabled=&#8221;off&#8221; button_two_border_width__hover_enabled=&#8221;off&#8221; button_one_border_color__hover_enabled=&#8221;off&#8221; button_two_border_color__hover_enabled=&#8221;off&#8221; button_one_border_radius__hover_enabled=&#8221;off&#8221; button_two_border_radius__hover_enabled=&#8221;off&#8221; button_one_letter_spacing__hover_enabled=&#8221;off&#8221; button_two_letter_spacing__hover_enabled=&#8221;off&#8221; button_one_bg_color__hover_enabled=&#8221;off&#8221; button_two_bg_color__hover_enabled=&#8221;off&#8221; background_position=&#8221;bottom_center&#8221; sticky_enabled=&#8221;0&#8243; title_text=&#8221;V\u00e4lkommen till Saln\u00f6 G\u00e5rd&#8221; background_blend=&#8221;darken&#8221; background_enable_color=&#8221;off&#8221;]<\/p>\n<h2>Saln\u00f6 G\u00e5rd \u00e4r l\u00e4tt att ta sig till och tar endast 2 timmar kommunalt ifr\u00e5n Stockholm!<\/h2>\n<p>[\/et_pb_fullwidth_header][\/et_pb_section][et_pb_section fb_built=&#8221;1&#8243; next_background_color=&#8221;#345168&#8243; admin_label=&#8221;About Me&#8221; _builder_version=&#8221;3.22&#8243; background_color=&#8221;#ffffff&#8221; custom_padding=&#8221;||128px||false|false&#8221; bottom_divider_style=&#8221;slant&#8221; bottom_divider_flip=&#8221;horizontal&#8221;][et_pb_row _builder_version=&#8221;4.9.4&#8243; _module_preset=&#8221;default&#8221;][et_pb_column type=&#8221;4_4&#8243; _builder_version=&#8221;4.9.4&#8243; _module_preset=&#8221;default&#8221;][et_pb_text _builder_version=&#8221;4.9.4&#8243; _module_preset=&#8221;default&#8221;]<\/p>\n<h1 style=\"text-align: center;\"><strong>Hitta hit!<\/strong><\/h1>\n<p style=\"text-align: center;\">Saln\u00f6 G\u00e5rd \u00e4r l\u00e4tt att ta sig till och tar endast 2 timmar kommunalt ifr\u00e5n Stockholm! Avst\u00e5nd fr\u00e5n Arlanda 1 timme.<\/p>\n<p>[\/et_pb_text][\/et_pb_column][\/et_pb_row][et_pb_row column_structure=&#8221;1_2,1_2&#8243; _builder_version=&#8221;3.25&#8243; custom_padding=&#8221;22px|0px|2px|0px|false|false&#8221;][et_pb_column type=&#8221;1_2&#8243; _builder_version=&#8221;3.25&#8243; custom_padding=&#8221;|||&#8221; custom_padding__hover=&#8221;|||&#8221;][et_pb_blurb title=&#8221;Med Buss&#8221; use_icon=&#8221;on&#8221; font_icon=&#8221;%%249%%&#8221; icon_color=&#8221;#fcd055&#8243; icon_placement=&#8221;left&#8221; content_max_width=&#8221;1100px&#8221; use_icon_font_size=&#8221;on&#8221; icon_font_size=&#8221;22px&#8221; _builder_version=&#8221;4.9.4&#8243; header_font=&#8221;Lato|700|||||||&#8221; header_font_size=&#8221;16px&#8221; header_line_height=&#8221;1.4em&#8221; body_font=&#8221;||||||||&#8221; custom_margin=&#8221;|||&#8221; animation_style=&#8221;slide&#8221; animation_direction=&#8221;bottom&#8221; animation_intensity_slide=&#8221;5%&#8221; locked=&#8221;off&#8221;]<\/p>\n<p>Buss 676 g\u00e5r fr\u00e5n Tekniska H\u00f6gskolan till Norrt\u00e4lje Busstation. Byt till buss 636 som stannar vid Saln\u00f6 V\u00e4gsk\u00e4l. D\u00e4rifr\u00e5n \u00e4r det 7-8 minuters promenad till Saln\u00f6 G\u00e5rd.<\/p>\n<p>Vi h\u00e4mtar efter \u00f6verenskommelse.<\/p>\n<p>F\u00f6r mer information och tidtabell g\u00e5 in p\u00e5 www.sl.se och s\u00f6k p\u00e5 destination &#8221;Saln\u00f6 V\u00e4gsk\u00e4l&#8221;.<\/p>\n<p>[\/et_pb_blurb][et_pb_blurb title=&#8221;Navigator\/GPS position&#8221; use_icon=&#8221;on&#8221; font_icon=&#8221;%%251%%&#8221; icon_color=&#8221;#fcd055&#8243; icon_placement=&#8221;left&#8221; content_max_width=&#8221;1100px&#8221; use_icon_font_size=&#8221;on&#8221; icon_font_size=&#8221;22px&#8221; _builder_version=&#8221;4.9.4&#8243; header_font=&#8221;Lato|700|||||||&#8221; header_font_size=&#8221;16px&#8221; header_line_height=&#8221;1.4em&#8221; body_font=&#8221;||||||||&#8221; custom_margin=&#8221;|||&#8221; animation_style=&#8221;slide&#8221; animation_direction=&#8221;bottom&#8221; animation_intensity_slide=&#8221;5%&#8221; locked=&#8221;off&#8221;]<\/p>\n<p>18\u00ba57\u201906\u201dO, 59\u00ba54\u201921\u201dN<br \/>760 40 V\u00e4dd\u00f6, Norrt\u00e4lje<\/p>\n<p>[\/et_pb_blurb][\/et_pb_column][et_pb_column type=&#8221;1_2&#8243; _builder_version=&#8221;3.25&#8243; custom_padding=&#8221;|||&#8221; custom_padding__hover=&#8221;|||&#8221;][et_pb_blurb title=&#8221;Med bil fr\u00e5n Stockholm&#8221; use_icon=&#8221;on&#8221; font_icon=&#8221;%%249%%&#8221; icon_color=&#8221;#fcd055&#8243; icon_placement=&#8221;left&#8221; content_max_width=&#8221;1100px&#8221; use_icon_font_size=&#8221;on&#8221; icon_font_size=&#8221;22px&#8221; _builder_version=&#8221;4.9.4&#8243; header_font=&#8221;Lato|700|||||||&#8221; header_font_size=&#8221;16px&#8221; header_line_height=&#8221;1.4em&#8221; body_font=&#8221;||||||||&#8221; custom_margin=&#8221;|||&#8221; animation_style=&#8221;slide&#8221; animation_direction=&#8221;bottom&#8221; animation_intensity_slide=&#8221;5%&#8221; locked=&#8221;off&#8221;]<\/p>\n<p>\u00c5k E18 till Norrt\u00e4lje (40-60 min fr\u00e5n Stockholm).<\/p>\n<p>I Norrt\u00e4lje, f\u00f6lj skyltarna mot G\u00e4vle\/Grisslehamn (v\u00e4g 76), ca 15 min.<\/p>\n<p>N\u00e4r v\u00e4g 76 sv\u00e4nger av mot G\u00e4vle forts\u00e4tt mot Grisslehamn rakt fram (v\u00e4g 283) ca 10 min.<\/p>\n<p>Sv\u00e4ng h\u00f6ger och f\u00f6lj skyltarna mot Simpn\u00e4s\/Barnens \u00d6.<\/p>\n<p>Forts\u00e4tt \u00f6ver bron till V\u00e4dd\u00f6 och f\u00f6lj v\u00e4gen mot Barnens \u00f6 (ca 10 min).<\/p>\n<p>Passera Barnens \u00d6 och forts\u00e4tt p\u00e5 samma v\u00e4g .<\/p>\n<p>Sv\u00e4ng av v\u00e4nster mot Saln\u00f6 och \u00e5k 500 m.<\/p>\n<p>Ni ser ett stort gult hus p\u00e5 v\u00e4nster sida, d\u00e5 \u00e4r ni framme vid Saln\u00f6 G\u00e5rd! Parkering till h\u00f6ger strax f\u00f6re.<\/p>\n<p>&nbsp;<\/p>\n<p>[\/et_pb_blurb][\/et_pb_column][\/et_pb_row][\/et_pb_section][et_pb_section fb_built=&#8221;1&#8243; admin_label=&#8221;Footer&#8221; _builder_version=&#8221;4.9.4&#8243; background_color=&#8221;#345168&#8243; use_background_color_gradient=&#8221;on&#8221; background_color_gradient_start=&#8221;#345168&#8243; background_color_gradient_end=&#8221;rgba(219,219,219,0)&#8221; background_color_gradient_start_position=&#8221;5%&#8221; background_color_gradient_overlays_image=&#8221;on&#8221; background_image=&#8221;https:\/\/www.salnogard.se\/wp-content\/uploads\/2021\/04\/Saln\u00f6-brygga.jpg&#8221; custom_padding=&#8221;0.2%||5.4%||false|false&#8221; bottom_divider_flip=&#8221;horizontal&#8221;][et_pb_row _builder_version=&#8221;3.25&#8243; custom_padding=&#8221;||78px|||&#8221; locked=&#8221;off&#8221;][et_pb_column type=&#8221;4_4&#8243; _builder_version=&#8221;3.25&#8243; custom_padding=&#8221;|||&#8221; custom_padding__hover=&#8221;|||&#8221;][et_pb_text admin_label=&#8221;Title &#8211; Varmt v\u00e4lkommen till Saln\u00f6 G\u00e5rd!&#8221; _builder_version=&#8221;3.27.4&#8243; text_font=&#8221;Lato||||||||&#8221; text_font_size=&#8221;18px&#8221; text_line_height=&#8221;1.8em&#8221; header_2_font=&#8221;Lato|700|||||||&#8221; header_2_font_size=&#8221;40px&#8221; header_2_letter_spacing=&#8221;1px&#8221; header_2_line_height=&#8221;1.5em&#8221; header_6_font=&#8221;Lato|700|||||||&#8221; header_6_font_size=&#8221;18px&#8221; header_6_letter_spacing=&#8221;1px&#8221; header_6_line_height=&#8221;1.8em&#8221; text_orientation=&#8221;center&#8221; background_layout=&#8221;dark&#8221; max_width=&#8221;700px&#8221; module_alignment=&#8221;center&#8221; header_2_font_size_tablet=&#8221;&#8221; header_2_font_size_phone=&#8221;22px&#8221; header_2_font_size_last_edited=&#8221;on|phone&#8221;]<\/p>\n<h2>Varmt v\u00e4lkommen till Saln\u00f6 G\u00e5rd!<\/h2>\n<p>[\/et_pb_text][\/et_pb_column][\/et_pb_row][\/et_pb_section]<\/p>\n","protected":false},"excerpt":{"rendered":"<p>Saln\u00f6 G\u00e5rd \u00e4r l\u00e4tt att ta sig till och tar endast 2 timmar kommunalt ifr\u00e5n Stockholm!Hitta hit! Saln\u00f6 G\u00e5rd \u00e4r l\u00e4tt att ta sig till och tar endast 2 timmar kommunalt ifr\u00e5n Stockholm! Avst\u00e5nd fr\u00e5n Arlanda 1 timme.Buss 676 g\u00e5r fr\u00e5n Tekniska H\u00f6gskolan till Norrt\u00e4lje Busstation. Byt till buss 636 som stannar vid Saln\u00f6 V\u00e4gsk\u00e4l. [&hellip;]<\/p>\n","protected":false},"author":2,"featured_media":0,"parent":0,"menu_order":0,"comment_status":"closed","ping_status":"closed","template":"","meta":{"_et_pb_use_builder":"on","_et_pb_old_content":"","_et_gb_content_width":"","footnotes":""},"class_list":["post-820","page","type-page","status-publish","hentry"],"yoast_head":"<!-- This site is optimized with the Yoast SEO plugin v27.5 - https:\/\/yoast.com\/product\/yoast-seo-wordpress\/ -->\n<title>Hitta hit - Saln\u00f6 G\u00e5rd<\/title>\n<meta name=\"robots\" content=\"index, follow, max-snippet:-1, max-image-preview:large, max-video-preview:-1\" \/>\n<link rel=\"canonical\" href=\"https:\/\/www.salnogard.se\/index.php\/hitta-hit\/\" \/>\n<meta property=\"og:locale\" content=\"sv_SE\" \/>\n<meta property=\"og:type\" content=\"article\" \/>\n<meta property=\"og:title\" content=\"Hitta hit - Saln\u00f6 G\u00e5rd\" \/>\n<meta property=\"og:description\" content=\"Saln\u00f6 G\u00e5rd \u00e4r l\u00e4tt att ta sig till och tar endast 2 timmar kommunalt ifr\u00e5n Stockholm!Hitta hit! Saln\u00f6 G\u00e5rd \u00e4r l\u00e4tt att ta sig till och tar endast 2 timmar kommunalt ifr\u00e5n Stockholm! Avst\u00e5nd fr\u00e5n Arlanda 1 timme.Buss 676 g\u00e5r fr\u00e5n Tekniska H\u00f6gskolan till Norrt\u00e4lje Busstation. Byt till buss 636 som stannar vid Saln\u00f6 V\u00e4gsk\u00e4l. [&hellip;]\" \/>\n<meta property=\"og:url\" content=\"https:\/\/www.salnogard.se\/index.php\/hitta-hit\/\" \/>\n<meta property=\"og:site_name\" content=\"Saln\u00f6 G\u00e5rd\" \/>\n<meta property=\"article:modified_time\" content=\"2021-05-04T19:41:55+00:00\" \/>\n<meta name=\"twitter:card\" content=\"summary_large_image\" \/>\n<meta name=\"twitter:label1\" content=\"Ber\u00e4knad l\u00e4stid\" \/>\n\t<meta name=\"twitter:data1\" content=\"5 minuter\" \/>\n<script type=\"application\/ld+json\" class=\"yoast-schema-graph\">{\"@context\":\"https:\\\/\\\/schema.org\",\"@graph\":[{\"@type\":\"WebPage\",\"@id\":\"https:\\\/\\\/www.salnogard.se\\\/index.php\\\/hitta-hit\\\/\",\"url\":\"https:\\\/\\\/www.salnogard.se\\\/index.php\\\/hitta-hit\\\/\",\"name\":\"Hitta hit - Saln\u00f6 G\u00e5rd\",\"isPartOf\":{\"@id\":\"https:\\\/\\\/www.salnogard.se\\\/#website\"},\"datePublished\":\"2021-05-04T18:29:30+00:00\",\"dateModified\":\"2021-05-04T19:41:55+00:00\",\"breadcrumb\":{\"@id\":\"https:\\\/\\\/www.salnogard.se\\\/index.php\\\/hitta-hit\\\/#breadcrumb\"},\"inLanguage\":\"sv-SE\",\"potentialAction\":[{\"@type\":\"ReadAction\",\"target\":[\"https:\\\/\\\/www.salnogard.se\\\/index.php\\\/hitta-hit\\\/\"]}]},{\"@type\":\"BreadcrumbList\",\"@id\":\"https:\\\/\\\/www.salnogard.se\\\/index.php\\\/hitta-hit\\\/#breadcrumb\",\"itemListElement\":[{\"@type\":\"ListItem\",\"position\":1,\"name\":\"Hem\",\"item\":\"https:\\\/\\\/www.salnogard.se\\\/\"},{\"@type\":\"ListItem\",\"position\":2,\"name\":\"Hitta hit\"}]},{\"@type\":\"WebSite\",\"@id\":\"https:\\\/\\\/www.salnogard.se\\\/#website\",\"url\":\"https:\\\/\\\/www.salnogard.se\\\/\",\"name\":\"Saln\u00f6 G\u00e5rd\",\"description\":\"Ett sk\u00e4rdg\u00e5rdshemman i Roslagen\",\"potentialAction\":[{\"@type\":\"SearchAction\",\"target\":{\"@type\":\"EntryPoint\",\"urlTemplate\":\"https:\\\/\\\/www.salnogard.se\\\/?s={search_term_string}\"},\"query-input\":{\"@type\":\"PropertyValueSpecification\",\"valueRequired\":true,\"valueName\":\"search_term_string\"}}],\"inLanguage\":\"sv-SE\"}]}<\/script>\n<!-- \/ Yoast SEO plugin. -->","yoast_head_json":{"title":"Hitta hit - Saln\u00f6 G\u00e5rd","robots":{"index":"index","follow":"follow","max-snippet":"max-snippet:-1","max-image-preview":"max-image-preview:large","max-video-preview":"max-video-preview:-1"},"canonical":"https:\/\/www.salnogard.se\/index.php\/hitta-hit\/","og_locale":"sv_SE","og_type":"article","og_title":"Hitta hit - Saln\u00f6 G\u00e5rd","og_description":"Saln\u00f6 G\u00e5rd \u00e4r l\u00e4tt att ta sig till och tar endast 2 timmar kommunalt ifr\u00e5n Stockholm!Hitta hit! Saln\u00f6 G\u00e5rd \u00e4r l\u00e4tt att ta sig till och tar endast 2 timmar kommunalt ifr\u00e5n Stockholm! Avst\u00e5nd fr\u00e5n Arlanda 1 timme.Buss 676 g\u00e5r fr\u00e5n Tekniska H\u00f6gskolan till Norrt\u00e4lje Busstation. Byt till buss 636 som stannar vid Saln\u00f6 V\u00e4gsk\u00e4l. [&hellip;]","og_url":"https:\/\/www.salnogard.se\/index.php\/hitta-hit\/","og_site_name":"Saln\u00f6 G\u00e5rd","article_modified_time":"2021-05-04T19:41:55+00:00","twitter_card":"summary_large_image","twitter_misc":{"Ber\u00e4knad l\u00e4stid":"5 minuter"},"schema":{"@context":"https:\/\/schema.org","@graph":[{"@type":"WebPage","@id":"https:\/\/www.salnogard.se\/index.php\/hitta-hit\/","url":"https:\/\/www.salnogard.se\/index.php\/hitta-hit\/","name":"Hitta hit - Saln\u00f6 G\u00e5rd","isPartOf":{"@id":"https:\/\/www.salnogard.se\/#website"},"datePublished":"2021-05-04T18:29:30+00:00","dateModified":"2021-05-04T19:41:55+00:00","breadcrumb":{"@id":"https:\/\/www.salnogard.se\/index.php\/hitta-hit\/#breadcrumb"},"inLanguage":"sv-SE","potentialAction":[{"@type":"ReadAction","target":["https:\/\/www.salnogard.se\/index.php\/hitta-hit\/"]}]},{"@type":"BreadcrumbList","@id":"https:\/\/www.salnogard.se\/index.php\/hitta-hit\/#breadcrumb","itemListElement":[{"@type":"ListItem","position":1,"name":"Hem","item":"https:\/\/www.salnogard.se\/"},{"@type":"ListItem","position":2,"name":"Hitta hit"}]},{"@type":"WebSite","@id":"https:\/\/www.salnogard.se\/#website","url":"https:\/\/www.salnogard.se\/","name":"Saln\u00f6 G\u00e5rd","description":"Ett sk\u00e4rdg\u00e5rdshemman i Roslagen","potentialAction":[{"@type":"SearchAction","target":{"@type":"EntryPoint","urlTemplate":"https:\/\/www.salnogard.se\/?s={search_term_string}"},"query-input":{"@type":"PropertyValueSpecification","valueRequired":true,"valueName":"search_term_string"}}],"inLanguage":"sv-SE"}]}},"_links":{"self":[{"href":"https:\/\/www.salnogard.se\/index.php\/wp-json\/wp\/v2\/pages\/820","targetHints":{"allow":["GET"]}}],"collection":[{"href":"https:\/\/www.salnogard.se\/index.php\/wp-json\/wp\/v2\/pages"}],"about":[{"href":"https:\/\/www.salnogard.se\/index.php\/wp-json\/wp\/v2\/types\/page"}],"author":[{"embeddable":true,"href":"https:\/\/www.salnogard.se\/index.php\/wp-json\/wp\/v2\/users\/2"}],"replies":[{"embeddable":true,"href":"https:\/\/www.salnogard.se\/index.php\/wp-json\/wp\/v2\/comments?post=820"}],"version-history":[{"count":23,"href":"https:\/\/www.salnogard.se\/index.php\/wp-json\/wp\/v2\/pages\/820\/revisions"}],"predecessor-version":[{"id":870,"href":"https:\/\/www.salnogard.se\/index.php\/wp-json\/wp\/v2\/pages\/820\/revisions\/870"}],"wp:attachment":[{"href":"https:\/\/www.salnogard.se\/index.php\/wp-json\/wp\/v2\/media?parent=820"}],"curies":[{"name":"wp","href":"https:\/\/api.w.org\/{rel}","templated":true}]}}